{"id":1828,"date":"2025-04-30T14:22:58","date_gmt":"2025-04-30T14:22:58","guid":{"rendered":"https:\/\/prolight.com.br\/es\/?page_id=1828"},"modified":"2025-08-25T14:29:03","modified_gmt":"2025-08-25T14:29:03","slug":"demolicao-controlada","status":"publish","type":"page","link":"https:\/\/prolight.com.br\/es\/demolicao-controlada\/","title":{"rendered":"Demoli\u00e7\u00e3o controlada"},"content":{"rendered":"\t\t<div data-elementor-type=\"wp-page\" data-elementor-id=\"1828\" class=\"elementor elementor-1828\" data-elementor-post-type=\"page\">\n\t\t\t\t<div class=\"elementor-element elementor-element-e2247e4 e-flex e-con-boxed e-con e-parent\" data-id=\"e2247e4\" data-element_type=\"container\" data-e-type=\"container\" data-settings=\"{&quot;background_background&quot;:&quot;classic&quot;,&quot;background_motion_fx_motion_fx_scrolling&quot;:&quot;yes&quot;,&quot;background_motion_fx_translateY_effect&quot;:&quot;yes&quot;,&quot;background_motion_fx_translateY_speed&quot;:{&quot;unit&quot;:&quot;px&quot;,&quot;size&quot;:3,&quot;sizes&quot;:[]},&quot;background_motion_fx_translateY_affectedRange&quot;:{&quot;unit&quot;:&quot;%&quot;,&quot;size&quot;:&quot;&quot;,&quot;sizes&quot;:{&quot;start&quot;:0,&quot;end&quot;:100}},&quot;background_motion_fx_devices&quot;:[&quot;desktop&quot;,&quot;tablet&quot;,&quot;mobile&quot;]}\">\n\t\t\t\t\t<div class=\"e-con-inner\">\n\t\t\t\t<div class=\"elementor-element elementor-element-62bbb73 elementor-invisible elementor-widget elementor-widget-heading\" data-id=\"62bbb73\" data-element_type=\"widget\" data-e-type=\"widget\" data-settings=\"{&quot;_animation&quot;:&quot;slideInUp&quot;}\" data-widget_type=\"heading.default\">\n\t\t\t\t<div class=\"elementor-widget-container\">\n\t\t\t\t\t<h1 class=\"elementor-heading-title elementor-size-default\">DEMOLI\u00c7\u00c3O CONTROLADA<\/h1>\t\t\t\t<\/div>\n\t\t\t\t<\/div>\n\t\t\t\t\t<\/div>\n\t\t\t\t<\/div>\n\t\t<div class=\"elementor-element elementor-element-2d4bfb5 e-flex e-con-boxed e-con e-parent\" data-id=\"2d4bfb5\" data-element_type=\"container\" data-e-type=\"container\">\n\t\t\t\t\t<div class=\"e-con-inner\">\n\t\t\t\t<div class=\"elementor-element elementor-element-a33ac34 elementor-arrows-position-outside elementor-invisible elementor-widget elementor-widget-image-carousel\" data-id=\"a33ac34\" data-element_type=\"widget\" data-e-type=\"widget\" data-settings=\"{&quot;slides_to_show&quot;:&quot;3&quot;,&quot;slides_to_scroll&quot;:&quot;1&quot;,&quot;navigation&quot;:&quot;arrows&quot;,&quot;autoplay&quot;:&quot;no&quot;,&quot;image_spacing_custom&quot;:{&quot;unit&quot;:&quot;px&quot;,&quot;size&quot;:40,&quot;sizes&quot;:[]},&quot;_animation&quot;:&quot;fadeIn&quot;,&quot;_animation_delay&quot;:800,&quot;infinite&quot;:&quot;yes&quot;,&quot;speed&quot;:500,&quot;image_spacing_custom_tablet&quot;:{&quot;unit&quot;:&quot;px&quot;,&quot;size&quot;:&quot;&quot;,&quot;sizes&quot;:[]},&quot;image_spacing_custom_mobile&quot;:{&quot;unit&quot;:&quot;px&quot;,&quot;size&quot;:&quot;&quot;,&quot;sizes&quot;:[]}}\" data-widget_type=\"image-carousel.default\">\n\t\t\t\t<div class=\"elementor-widget-container\">\n\t\t\t\t\t\t\t<div class=\"elementor-image-carousel-wrapper swiper\" role=\"region\" aria-roledescription=\"carousel\" aria-label=\"Carrossel de imagens\" dir=\"ltr\">\n\t\t\t<div class=\"elementor-image-carousel swiper-wrapper\" aria-live=\"polite\">\n\t\t\t\t\t\t\t\t<div class=\"swiper-slide\" role=\"group\" aria-roledescription=\"slide\" aria-label=\"1 de 1\"><a data-elementor-open-lightbox=\"yes\" data-elementor-lightbox-slideshow=\"a33ac34\" data-elementor-lightbox-title=\"demolicao-guia-completo-com-tudo-que-voce-precisa-saber-1\" data-e-action-hash=\"#elementor-action%3Aaction%3Dlightbox%26settings%3DeyJpZCI6MTgzMywidXJsIjoiaHR0cHM6XC9cL3Byb2xpZ2h0LmNvbS5iclwvZXNcL3dwLWNvbnRlbnRcL3VwbG9hZHNcLzIwMjVcLzA0XC9kZW1vbGljYW8tZ3VpYS1jb21wbGV0by1jb20tdHVkby1xdWUtdm9jZS1wcmVjaXNhLXNhYmVyLTEud2VicCIsInNsaWRlc2hvdyI6ImEzM2FjMzQifQ%3D%3D\" href=\"https:\/\/prolight.com.br\/es\/wp-content\/uploads\/2025\/04\/demolicao-guia-completo-com-tudo-que-voce-precisa-saber-1.webp\"><figure class=\"swiper-slide-inner\"><img decoding=\"async\" class=\"swiper-slide-image\" src=\"https:\/\/prolight.com.br\/es\/wp-content\/uploads\/elementor\/thumbs\/demolicao-guia-completo-com-tudo-que-voce-precisa-saber-1-r54hhaj4rqv25l38giu1r264vtq6cxwihuz2p6hvsw.webp\" alt=\"demolicao-guia-completo-com-tudo-que-voce-precisa-saber-1\" \/><\/figure><\/a><\/div>\t\t\t<\/div>\n\t\t\t\t\t<\/div>\n\t\t\t\t\t\t<\/div>\n\t\t\t\t<\/div>\n\t\t\t\t\t<\/div>\n\t\t\t\t<\/div>\n\t\t\t\t<section class=\"elementor-section elementor-top-section elementor-element elementor-element-d005fcf elementor-section-boxed elementor-section-height-default elementor-section-height-default\" data-id=\"d005fcf\" data-element_type=\"section\" data-e-type=\"section\" data-settings=\"{&quot;background_background&quot;:&quot;classic&quot;}\">\n\t\t\t\t\t\t<div class=\"elementor-container elementor-column-gap-default\">\n\t\t\t\t\t<div class=\"elementor-column elementor-col-50 elementor-top-column elementor-element elementor-element-633ce17\" data-id=\"633ce17\" data-element_type=\"column\" data-e-type=\"column\">\n\t\t\t<div class=\"elementor-widget-wrap elementor-element-populated\">\n\t\t\t\t\t\t<div class=\"elementor-element elementor-element-e74cc2a elementor-invisible elementor-widget elementor-widget-image\" data-id=\"e74cc2a\" data-element_type=\"widget\" data-e-type=\"widget\" data-settings=\"{&quot;_animation&quot;:&quot;fadeIn&quot;}\" data-widget_type=\"image.default\">\n\t\t\t\t<div class=\"elementor-widget-container\">\n\t\t\t\t\t\t\t\t\t\t\t\t\t\t\t<img fetchpriority=\"high\" decoding=\"async\" width=\"1024\" height=\"768\" src=\"https:\/\/prolight.com.br\/es\/wp-content\/uploads\/2025\/04\/20180525_093203.jpg\" class=\"attachment-large size-large wp-image-1834\" alt=\"\" srcset=\"https:\/\/prolight.com.br\/es\/wp-content\/uploads\/2025\/04\/20180525_093203.jpg 1024w, https:\/\/prolight.com.br\/es\/wp-content\/uploads\/2025\/04\/20180525_093203-640x480.jpg 640w, https:\/\/prolight.com.br\/es\/wp-content\/uploads\/2025\/04\/20180525_093203-768x576.jpg 768w, https:\/\/prolight.com.br\/es\/wp-content\/uploads\/2025\/04\/20180525_093203-600x450.jpg 600w\" sizes=\"(max-width: 1024px) 100vw, 1024px\" \/>\t\t\t\t\t\t\t\t\t\t\t\t\t\t\t<\/div>\n\t\t\t\t<\/div>\n\t\t\t\t<div class=\"elementor-element elementor-element-1ed106e elementor-invisible elementor-widget elementor-widget-image\" data-id=\"1ed106e\" data-element_type=\"widget\" data-e-type=\"widget\" data-settings=\"{&quot;_animation&quot;:&quot;fadeIn&quot;}\" data-widget_type=\"image.default\">\n\t\t\t\t<div class=\"elementor-widget-container\">\n\t\t\t\t\t\t\t\t\t\t\t\t\t\t\t<img decoding=\"async\" width=\"593\" height=\"799\" src=\"https:\/\/prolight.com.br\/es\/wp-content\/uploads\/2025\/04\/servico-de-servico-de-demolicao-de-galpao.jpg\" class=\"attachment-large size-large wp-image-1837\" alt=\"\" \/>\t\t\t\t\t\t\t\t\t\t\t\t\t\t\t<\/div>\n\t\t\t\t<\/div>\n\t\t\t\t\t<\/div>\n\t\t<\/div>\n\t\t\t\t<div class=\"elementor-column elementor-col-50 elementor-top-column elementor-element elementor-element-fc0c830\" data-id=\"fc0c830\" data-element_type=\"column\" data-e-type=\"column\">\n\t\t\t<div class=\"elementor-widget-wrap elementor-element-populated\">\n\t\t\t\t\t\t<div class=\"elementor-element elementor-element-51e88d6 elementor-invisible elementor-widget elementor-widget-heading\" data-id=\"51e88d6\" data-element_type=\"widget\" data-e-type=\"widget\" data-settings=\"{&quot;_animation&quot;:&quot;fadeIn&quot;}\" data-widget_type=\"heading.default\">\n\t\t\t\t<div class=\"elementor-widget-container\">\n\t\t\t\t\t<h5 class=\"elementor-heading-title elementor-size-medium\">prolight<\/h5>\t\t\t\t<\/div>\n\t\t\t\t<\/div>\n\t\t\t\t<div class=\"elementor-element elementor-element-b36fdc3 elementor-widget__width-initial elementor-invisible elementor-widget elementor-widget-heading\" data-id=\"b36fdc3\" data-element_type=\"widget\" data-e-type=\"widget\" data-settings=\"{&quot;_animation&quot;:&quot;fadeIn&quot;}\" data-widget_type=\"heading.default\">\n\t\t\t\t<div class=\"elementor-widget-container\">\n\t\t\t\t\t<h2 class=\"elementor-heading-title elementor-size-small\">Demoli\u00e7\u00e3o Controlada \u2013 Precis\u00e3o e\nSeguran\u00e7a em Cada Etapa<\/h2>\t\t\t\t<\/div>\n\t\t\t\t<\/div>\n\t\t\t\t<div class=\"elementor-element elementor-element-087c6bd elementor-widget-divider--view-line elementor-invisible elementor-widget elementor-widget-divider\" data-id=\"087c6bd\" data-element_type=\"widget\" data-e-type=\"widget\" data-settings=\"{&quot;_animation&quot;:&quot;fadeInUp&quot;}\" data-widget_type=\"divider.default\">\n\t\t\t\t<div class=\"elementor-widget-container\">\n\t\t\t\t\t\t\t<div class=\"elementor-divider\">\n\t\t\t<span class=\"elementor-divider-separator\">\n\t\t\t\t\t\t<\/span>\n\t\t<\/div>\n\t\t\t\t\t\t<\/div>\n\t\t\t\t<\/div>\n\t\t\t\t<div class=\"elementor-element elementor-element-fa68308 elementor-invisible elementor-widget elementor-widget-text-editor\" data-id=\"fa68308\" data-element_type=\"widget\" data-e-type=\"widget\" data-settings=\"{&quot;_animation&quot;:&quot;fadeIn&quot;}\" data-widget_type=\"text-editor.default\">\n\t\t\t\t<div class=\"elementor-widget-container\">\n\t\t\t\t\t\t\t\t\t<p><strong>A demoli\u00e7\u00e3o controlada<\/strong> \u00e9 a t\u00e9cnica ideal para remo\u00e7\u00e3o<br \/>parcial ou total de estruturas de concreto, alvenaria ou<br \/>met\u00e1licas de forma <strong>segura, planejada e com m\u00ednimo<\/strong><br \/><strong>impacto<\/strong> nas \u00e1reas vizinhas. Com uso de equipamentos<br \/>modernos e equipe especializada, executamos demoli\u00e7\u00f5es<br \/>com alto n\u00edvel de precis\u00e3o e total respeito \u00e0s normas t\u00e9cnicas<br \/>e de seguran\u00e7a.<\/p><p><strong>\u00a0Onde aplicamos a demoli\u00e7\u00e3o controlada<\/strong><br \/><strong>\u2022Reformas e amplia\u00e7\u00f5es<\/strong> em pr\u00e9dios, ind\u00fastrias, hospitais,<br \/>shoppings, resid\u00eancias<br \/><strong>\u2022Remo\u00e7\u00e3o parcial de lajes, vigas, paredes, escadas e<\/strong><br \/><strong>pilares<\/strong><br \/>\u2022Aberturas t\u00e9cnicas para janelas, portas, shafts,<br \/>elevadores e escadas<br \/>\u2022Demoli\u00e7\u00e3o interna em \u00e1reas com estruturas ativas ou em<br \/>funcionamento<br \/>\u2022Demoli\u00e7\u00e3o total de estruturas de pr\u00e9dios, casas e<br \/>estruturas<\/p><p><strong>T\u00e9cnicas que utilizamos<\/strong><br \/>Contamos com m\u00e9todos modernos que garantem cortes<br \/>limpos, silenciosos e sem vibra\u00e7\u00f5es indesejadas:<br \/><strong>\u2022Corte com fio diamantado<\/strong><br \/><strong>\u2022Corte com serra de parede e serra de piso<\/strong><br \/><strong>\u2022Perfura\u00e7\u00f5es t\u00e9cnicas com brocas diamantadas<\/strong><br \/><strong>\u2022Rompedores hidr\u00e1ulicos e marteletes el\u00e9tricos<\/strong><br \/><strong>\u2022Agentes expansivos para rompimento n\u00e3o explosivo<\/strong><\/p><p data-start=\"100\" data-end=\"413\"><strong data-start=\"103\" data-end=\"140\">Vantagens da demoli\u00e7\u00e3o controlada<\/strong><br data-start=\"140\" data-end=\"143\" \/><strong data-start=\"146\" data-end=\"172\">Baixo ru\u00eddo e vibra\u00e7\u00e3o<\/strong> \u2013 ideal para ambientes sens\u00edveis<br data-start=\"205\" data-end=\"208\" \/><strong data-start=\"212\" data-end=\"251\">Preserva\u00e7\u00e3o das estruturas vizinhas<\/strong><br data-start=\"251\" data-end=\"254\" \/><strong data-start=\"258\" data-end=\"297\">Alta precis\u00e3o nos cortes e remo\u00e7\u00f5es<\/strong><br data-start=\"297\" data-end=\"300\" \/><strong data-start=\"303\" data-end=\"350\">Redu\u00e7\u00e3o de riscos operacionais e retrabalho<\/strong><br data-start=\"350\" data-end=\"353\" \/><strong data-start=\"356\" data-end=\"413\">Seguran\u00e7a para trabalhadores e usu\u00e1rios da edifica\u00e7\u00e3o<\/strong><\/p>\t\t\t\t\t\t\t\t<\/div>\n\t\t\t\t<\/div>\n\t\t\t\t<div class=\"elementor-element elementor-element-f1bdea6 elementor-widget__width-initial elementor-mobile-align-justify elementor-widget-mobile__width-inherit elementor-widget elementor-widget-button\" data-id=\"f1bdea6\" data-element_type=\"widget\" data-e-type=\"widget\" data-widget_type=\"button.default\">\n\t\t\t\t<div class=\"elementor-widget-container\">\n\t\t\t\t\t\t\t\t\t<div class=\"elementor-button-wrapper\">\n\t\t\t\t\t<a class=\"elementor-button elementor-button-link elementor-size-sm elementor-animation-wobble-vertical\" href=\"https:\/\/wa.me\/5521970344302\">\n\t\t\t\t\t\t<span class=\"elementor-button-content-wrapper\">\n\t\t\t\t\t\t<span class=\"elementor-button-icon\">\n\t\t\t\t<svg aria-hidden=\"true\" class=\"e-font-icon-svg e-fab-whatsapp\" viewBox=\"0 0 448 512\" xmlns=\"http:\/\/www.w3.org\/2000\/svg\"><path d=\"M380.9 97.1C339 55.1 283.2 32 223.9 32c-122.4 0-222 99.6-222 222 0 39.1 10.2 77.3 29.6 111L0 480l117.7-30.9c32.4 17.7 68.9 27 106.1 27h.1c122.3 0 224.1-99.6 224.1-222 0-59.3-25.2-115-67.1-157zm-157 341.6c-33.2 0-65.7-8.9-94-25.7l-6.7-4-69.8 18.3L72 359.2l-4.4-7c-18.5-29.4-28.2-63.3-28.2-98.2 0-101.7 82.8-184.5 184.6-184.5 49.3 0 95.6 19.2 130.4 54.1 34.8 34.9 56.2 81.2 56.1 130.5 0 101.8-84.9 184.6-186.6 184.6zm101.2-138.2c-5.5-2.8-32.8-16.2-37.9-18-5.1-1.9-8.8-2.8-12.5 2.8-3.7 5.6-14.3 18-17.6 21.8-3.2 3.7-6.5 4.2-12 1.4-32.6-16.3-54-29.1-75.5-66-5.7-9.8 5.7-9.1 16.3-30.3 1.8-3.7.9-6.9-.5-9.7-1.4-2.8-12.5-30.1-17.1-41.2-4.5-10.8-9.1-9.3-12.5-9.5-3.2-.2-6.9-.2-10.6-.2-3.7 0-9.7 1.4-14.8 6.9-5.1 5.6-19.4 19-19.4 46.3 0 27.3 19.9 53.7 22.6 57.4 2.8 3.7 39.1 59.7 94.8 83.8 35.2 15.2 49 16.5 66.6 13.9 10.7-1.6 32.8-13.4 37.4-26.4 4.6-13 4.6-24.1 3.2-26.4-1.3-2.5-5-3.9-10.5-6.6z\"><\/path><\/svg>\t\t\t<\/span>\n\t\t\t\t\t\t\t\t\t<span class=\"elementor-button-text\">WHATSAPP<\/span>\n\t\t\t\t\t<\/span>\n\t\t\t\t\t<\/a>\n\t\t\t\t<\/div>\n\t\t\t\t\t\t\t\t<\/div>\n\t\t\t\t<\/div>\n\t\t\t\t\t<\/div>\n\t\t<\/div>\n\t\t\t\t\t<\/div>\n\t\t<\/section>\n\t\t\t\t<\/div>\n\t\t","protected":false},"excerpt":{"rendered":"<p>DEMOLI\u00c7\u00c3O CONTROLADA prolight Demoli\u00e7\u00e3o Controlada \u2013 Precis\u00e3o e Seguran\u00e7a em Cada Etapa A demoli\u00e7\u00e3o controlada \u00e9 a t\u00e9cnica ideal para [&hellip;]<\/p>\n","protected":false},"author":2,"featured_media":0,"parent":0,"menu_order":0,"comment_status":"closed","ping_status":"closed","template":"","meta":{"site-sidebar-layout":"no-sidebar","site-content-layout":"","ast-site-content-layout":"full-width-container","site-content-style":"default","site-sidebar-style":"default","ast-global-header-display":"","ast-banner-title-visibility":"","ast-main-header-display":"","ast-hfb-above-header-display":"","ast-hfb-below-header-display":"","ast-hfb-mobile-header-display":"","site-post-title":"disabled","ast-breadcrumbs-content":"","ast-featured-img":"disabled","footer-sml-layout":"","ast-disable-related-posts":"","theme-transparent-header-meta":"","adv-header-id-meta":"","stick-header-meta":"","header-above-stick-meta":"","header-main-stick-meta":"","header-below-stick-meta":"","astra-migrate-meta-layouts":"default","ast-page-background-enabled":"default","ast-page-background-meta":{"desktop":{"background-color":"var(--ast-global-color-5)","background-image":"","background-repeat":"repeat","background-position":"center center","background-size":"auto","background-attachment":"scroll","background-type":"","background-media":"","overlay-type":"","overlay-color":"","overlay-opacity":"","overlay-gradient":""},"tablet":{"background-color":"","background-image":"","background-repeat":"repeat","background-position":"center center","background-size":"auto","background-attachment":"scroll","background-type":"","background-media":"","overlay-type":"","overlay-color":"","overlay-opacity":"","overlay-gradient":""},"mobile":{"background-color":"","background-image":"","background-repeat":"repeat","background-position":"center center","background-size":"auto","background-attachment":"scroll","background-type":"","background-media":"","overlay-type":"","overlay-color":"","overlay-opacity":"","overlay-gradient":""}},"ast-content-background-meta":{"desktop":{"background-color":"var(--ast-global-color-4)","background-image":"","background-repeat":"repeat","background-position":"center center","background-size":"auto","background-attachment":"scroll","background-type":"","background-media":"","overlay-type":"","overlay-color":"","overlay-opacity":"","overlay-gradient":""},"tablet":{"background-color":"var(--ast-global-color-4)","background-image":"","background-repeat":"repeat","background-position":"center center","background-size":"auto","background-attachment":"scroll","background-type":"","background-media":"","overlay-type":"","overlay-color":"","overlay-opacity":"","overlay-gradient":""},"mobile":{"background-color":"var(--ast-global-color-4)","background-image":"","background-repeat":"repeat","background-position":"center center","background-size":"auto","background-attachment":"scroll","background-type":"","background-media":"","overlay-type":"","overlay-color":"","overlay-opacity":"","overlay-gradient":""}},"footnotes":""},"class_list":["post-1828","page","type-page","status-publish","hentry"],"aioseo_notices":[],"_links":{"self":[{"href":"https:\/\/prolight.com.br\/es\/wp-json\/wp\/v2\/pages\/1828","targetHints":{"allow":["GET"]}}],"collection":[{"href":"https:\/\/prolight.com.br\/es\/wp-json\/wp\/v2\/pages"}],"about":[{"href":"https:\/\/prolight.com.br\/es\/wp-json\/wp\/v2\/types\/page"}],"author":[{"embeddable":true,"href":"https:\/\/prolight.com.br\/es\/wp-json\/wp\/v2\/users\/2"}],"replies":[{"embeddable":true,"href":"https:\/\/prolight.com.br\/es\/wp-json\/wp\/v2\/comments?post=1828"}],"version-history":[{"count":19,"href":"https:\/\/prolight.com.br\/es\/wp-json\/wp\/v2\/pages\/1828\/revisions"}],"predecessor-version":[{"id":2466,"href":"https:\/\/prolight.com.br\/es\/wp-json\/wp\/v2\/pages\/1828\/revisions\/2466"}],"wp:attachment":[{"href":"https:\/\/prolight.com.br\/es\/wp-json\/wp\/v2\/media?parent=1828"}],"curies":[{"name":"wp","href":"https:\/\/api.w.org\/{rel}","templated":true}]}}