{"id":1854,"date":"2025-04-30T14:38:27","date_gmt":"2025-04-30T14:38:27","guid":{"rendered":"https:\/\/prolight.com.br\/es\/?page_id=1854"},"modified":"2025-08-25T14:29:45","modified_gmt":"2025-08-25T14:29:45","slug":"instalacao-de-chumbadores-quimicos","status":"publish","type":"page","link":"https:\/\/prolight.com.br\/es\/instalacao-de-chumbadores-quimicos\/","title":{"rendered":"Instala\u00e7\u00e3o de chumbadores qu\u00edmicos"},"content":{"rendered":"\t\t<div data-elementor-type=\"wp-page\" data-elementor-id=\"1854\" class=\"elementor elementor-1854\" data-elementor-post-type=\"page\">\n\t\t\t\t<div class=\"elementor-element elementor-element-7ab28c6 e-flex e-con-boxed e-con e-parent\" data-id=\"7ab28c6\" data-element_type=\"container\" data-e-type=\"container\" data-settings=\"{&quot;background_background&quot;:&quot;classic&quot;,&quot;background_motion_fx_motion_fx_scrolling&quot;:&quot;yes&quot;,&quot;background_motion_fx_translateY_effect&quot;:&quot;yes&quot;,&quot;background_motion_fx_translateY_speed&quot;:{&quot;unit&quot;:&quot;px&quot;,&quot;size&quot;:3,&quot;sizes&quot;:[]},&quot;background_motion_fx_translateY_affectedRange&quot;:{&quot;unit&quot;:&quot;%&quot;,&quot;size&quot;:&quot;&quot;,&quot;sizes&quot;:{&quot;start&quot;:0,&quot;end&quot;:100}},&quot;background_motion_fx_devices&quot;:[&quot;desktop&quot;,&quot;tablet&quot;,&quot;mobile&quot;]}\">\n\t\t\t\t\t<div class=\"e-con-inner\">\n\t\t\t\t<div class=\"elementor-element elementor-element-2949ca8 elementor-invisible elementor-widget elementor-widget-heading\" data-id=\"2949ca8\" data-element_type=\"widget\" data-e-type=\"widget\" data-settings=\"{&quot;_animation&quot;:&quot;slideInUp&quot;}\" data-widget_type=\"heading.default\">\n\t\t\t\t<div class=\"elementor-widget-container\">\n\t\t\t\t\t<h2 class=\"elementor-heading-title elementor-size-default\">INSTALA\u00c7\u00c3O DE CHUMBADORES QU\u00cdMICOS<\/h2>\t\t\t\t<\/div>\n\t\t\t\t<\/div>\n\t\t\t\t\t<\/div>\n\t\t\t\t<\/div>\n\t\t\t\t<section class=\"elementor-section elementor-top-section elementor-element elementor-element-b8e661c elementor-section-boxed elementor-section-height-default elementor-section-height-default\" data-id=\"b8e661c\" data-element_type=\"section\" data-e-type=\"section\" data-settings=\"{&quot;background_background&quot;:&quot;classic&quot;}\">\n\t\t\t\t\t\t<div class=\"elementor-container elementor-column-gap-default\">\n\t\t\t\t\t<div class=\"elementor-column elementor-col-50 elementor-top-column elementor-element elementor-element-bb1ac5d\" data-id=\"bb1ac5d\" data-element_type=\"column\" data-e-type=\"column\">\n\t\t\t<div class=\"elementor-widget-wrap elementor-element-populated\">\n\t\t\t\t\t\t<div class=\"elementor-element elementor-element-0200dcc elementor-invisible elementor-widget elementor-widget-image\" data-id=\"0200dcc\" data-element_type=\"widget\" data-e-type=\"widget\" data-settings=\"{&quot;_animation&quot;:&quot;fadeIn&quot;}\" data-widget_type=\"image.default\">\n\t\t\t\t<div class=\"elementor-widget-container\">\n\t\t\t\t\t\t\t\t\t\t\t\t\t\t\t<img fetchpriority=\"high\" decoding=\"async\" width=\"783\" height=\"697\" src=\"https:\/\/prolight.com.br\/es\/wp-content\/uploads\/2025\/04\/Screenshot_1.png\" class=\"attachment-large size-large wp-image-1860\" alt=\"\" srcset=\"https:\/\/prolight.com.br\/es\/wp-content\/uploads\/2025\/04\/Screenshot_1.png 783w, https:\/\/prolight.com.br\/es\/wp-content\/uploads\/2025\/04\/Screenshot_1-640x570.png 640w, https:\/\/prolight.com.br\/es\/wp-content\/uploads\/2025\/04\/Screenshot_1-768x684.png 768w, https:\/\/prolight.com.br\/es\/wp-content\/uploads\/2025\/04\/Screenshot_1-600x534.png 600w\" sizes=\"(max-width: 783px) 100vw, 783px\" \/>\t\t\t\t\t\t\t\t\t\t\t\t\t\t\t<\/div>\n\t\t\t\t<\/div>\n\t\t\t\t\t<\/div>\n\t\t<\/div>\n\t\t\t\t<div class=\"elementor-column elementor-col-50 elementor-top-column elementor-element elementor-element-b2d50ed\" data-id=\"b2d50ed\" data-element_type=\"column\" data-e-type=\"column\">\n\t\t\t<div class=\"elementor-widget-wrap elementor-element-populated\">\n\t\t\t\t\t\t<div class=\"elementor-element elementor-element-16cd694 elementor-invisible elementor-widget elementor-widget-heading\" data-id=\"16cd694\" data-element_type=\"widget\" data-e-type=\"widget\" data-settings=\"{&quot;_animation&quot;:&quot;fadeIn&quot;}\" data-widget_type=\"heading.default\">\n\t\t\t\t<div class=\"elementor-widget-container\">\n\t\t\t\t\t<h5 class=\"elementor-heading-title elementor-size-medium\">prolight<\/h5>\t\t\t\t<\/div>\n\t\t\t\t<\/div>\n\t\t\t\t<div class=\"elementor-element elementor-element-a217b80 elementor-invisible elementor-widget elementor-widget-heading\" data-id=\"a217b80\" data-element_type=\"widget\" data-e-type=\"widget\" data-settings=\"{&quot;_animation&quot;:&quot;fadeIn&quot;}\" data-widget_type=\"heading.default\">\n\t\t\t\t<div class=\"elementor-widget-container\">\n\t\t\t\t\t<h6 class=\"elementor-heading-title elementor-size-xxl\">INSTALA\u00c7\u00c3O DE CHUMBADORES QU\u00cdMICOS<\/h6>\t\t\t\t<\/div>\n\t\t\t\t<\/div>\n\t\t\t\t<div class=\"elementor-element elementor-element-4aabd3f elementor-widget-divider--view-line elementor-invisible elementor-widget elementor-widget-divider\" data-id=\"4aabd3f\" data-element_type=\"widget\" data-e-type=\"widget\" data-settings=\"{&quot;_animation&quot;:&quot;fadeInUp&quot;}\" data-widget_type=\"divider.default\">\n\t\t\t\t<div class=\"elementor-widget-container\">\n\t\t\t\t\t\t\t<div class=\"elementor-divider\">\n\t\t\t<span class=\"elementor-divider-separator\">\n\t\t\t\t\t\t<\/span>\n\t\t<\/div>\n\t\t\t\t\t\t<\/div>\n\t\t\t\t<\/div>\n\t\t\t\t<div class=\"elementor-element elementor-element-33b6dfb elementor-invisible elementor-widget elementor-widget-text-editor\" data-id=\"33b6dfb\" data-element_type=\"widget\" data-e-type=\"widget\" data-settings=\"{&quot;_animation&quot;:&quot;fadeIn&quot;}\" data-widget_type=\"text-editor.default\">\n\t\t\t\t<div class=\"elementor-widget-container\">\n\t\t\t\t\t\t\t\t\t<p><strong>A instala\u00e7\u00e3o de chumbadores qu\u00edmicos<\/strong> \u00e9 a solu\u00e7\u00e3o ideal<br \/>para fixa\u00e7\u00f5es estruturais em concreto que exigem <strong>alta<\/strong><br \/><strong>resist\u00eancia, durabilidade e seguran\u00e7a<\/strong>. Nosso servi\u00e7o \u00e9<br \/>executado com<strong> produtos certificados e equipe<\/strong><br \/><strong>especializada<\/strong>, garantindo resultados precisos para aplica\u00e7\u00f5es<br \/>civis, industriais e comerciais.<\/p><p><strong>O que s\u00e3o chumbador<span style=\"font-size: 16px;\">es qu\u00edmicos?<\/span><\/strong><\/p><p>S\u00e3o sistemas de <span style=\"font-size: 16px;\">ancoragem que utilizam resina ep\u00f3xi,<\/span><\/p><p>poli\u00e9ster ou <span style=\"font-size: 16px;\">vinil\u00e9ster para fixar barras roscadas, vergalh\u00f5es<\/span><\/p><p>ou elementos met\u00e1licos diretamente no concreto. A resina<br \/>endurece dentro do furo e forma uma fixa\u00e7\u00e3o extremamente<br \/>resistente, sem a necessidade de expans\u00e3o mec\u00e2nica.<\/p><p><strong>\u00a0Aplica\u00e7\u00f5es comuns<\/strong><br \/>\u2022Fixa\u00e7\u00e3o de <strong>estruturas met\u00e1licas, guarda-corpos e<\/strong><br \/><strong>m\u00e1quinas industriais<\/strong><br \/>\u2022Instala\u00e7\u00e3o de <strong>refor\u00e7os estruturais com vergalh\u00f5es (rebar)<\/strong><br \/>\u2022Ancoragens em<strong> pilares, lajes, vigas e blocos de concreto<\/strong><br \/>\u2022Apoio para <strong>tubula\u00e7\u00f5es, eletrocalhas e sistemas<\/strong><br \/>suspensos<br \/>\u2022Reformas e e retrofits que exigem<strong> novos pontos de fixa\u00e7\u00e3o<\/strong><br \/><strong>confi\u00e1veis<\/strong><\/p><p>\u00a0<strong>Por que escolher nossa empresa?<\/strong><br \/>\u2022Utilizamos<strong> resinas de marcas reconhecidas<\/strong> (como Hilti,<br \/>Sika, Fischer, entre outras)<br \/>\u2022Equipe treinada conforme as<strong> normas t\u00e9cnicas e de<\/strong><br \/><strong>seguran\u00e7a<\/strong><br \/>\u2022Execu\u00e7\u00e3o r\u00e1pida, limpa e com <strong>controle total da<\/strong><br \/><strong>qualidade<\/strong><br \/>\u2022Atendimento<\/p><p>\u00a0<strong>Seguran\u00e7a e confiabilidade<\/strong><br \/>Todos os procedimentos seguem rigorosamente as<br \/>recomenda\u00e7\u00f5es t\u00e9cnicas dos fabricantes e normas da<br \/>.<\/p>\t\t\t\t\t\t\t\t<\/div>\n\t\t\t\t<\/div>\n\t\t\t\t<div class=\"elementor-element elementor-element-551cef2 elementor-widget__width-initial elementor-mobile-align-justify elementor-widget-mobile__width-inherit elementor-widget elementor-widget-button\" data-id=\"551cef2\" data-element_type=\"widget\" data-e-type=\"widget\" data-widget_type=\"button.default\">\n\t\t\t\t<div class=\"elementor-widget-container\">\n\t\t\t\t\t\t\t\t\t<div class=\"elementor-button-wrapper\">\n\t\t\t\t\t<a class=\"elementor-button elementor-button-link elementor-size-sm elementor-animation-wobble-vertical\" href=\"https:\/\/wa.me\/5521970344302\">\n\t\t\t\t\t\t<span class=\"elementor-button-content-wrapper\">\n\t\t\t\t\t\t<span class=\"elementor-button-icon\">\n\t\t\t\t<svg aria-hidden=\"true\" class=\"e-font-icon-svg e-fab-whatsapp\" viewBox=\"0 0 448 512\" xmlns=\"http:\/\/www.w3.org\/2000\/svg\"><path d=\"M380.9 97.1C339 55.1 283.2 32 223.9 32c-122.4 0-222 99.6-222 222 0 39.1 10.2 77.3 29.6 111L0 480l117.7-30.9c32.4 17.7 68.9 27 106.1 27h.1c122.3 0 224.1-99.6 224.1-222 0-59.3-25.2-115-67.1-157zm-157 341.6c-33.2 0-65.7-8.9-94-25.7l-6.7-4-69.8 18.3L72 359.2l-4.4-7c-18.5-29.4-28.2-63.3-28.2-98.2 0-101.7 82.8-184.5 184.6-184.5 49.3 0 95.6 19.2 130.4 54.1 34.8 34.9 56.2 81.2 56.1 130.5 0 101.8-84.9 184.6-186.6 184.6zm101.2-138.2c-5.5-2.8-32.8-16.2-37.9-18-5.1-1.9-8.8-2.8-12.5 2.8-3.7 5.6-14.3 18-17.6 21.8-3.2 3.7-6.5 4.2-12 1.4-32.6-16.3-54-29.1-75.5-66-5.7-9.8 5.7-9.1 16.3-30.3 1.8-3.7.9-6.9-.5-9.7-1.4-2.8-12.5-30.1-17.1-41.2-4.5-10.8-9.1-9.3-12.5-9.5-3.2-.2-6.9-.2-10.6-.2-3.7 0-9.7 1.4-14.8 6.9-5.1 5.6-19.4 19-19.4 46.3 0 27.3 19.9 53.7 22.6 57.4 2.8 3.7 39.1 59.7 94.8 83.8 35.2 15.2 49 16.5 66.6 13.9 10.7-1.6 32.8-13.4 37.4-26.4 4.6-13 4.6-24.1 3.2-26.4-1.3-2.5-5-3.9-10.5-6.6z\"><\/path><\/svg>\t\t\t<\/span>\n\t\t\t\t\t\t\t\t\t<span class=\"elementor-button-text\">WHATSAPP<\/span>\n\t\t\t\t\t<\/span>\n\t\t\t\t\t<\/a>\n\t\t\t\t<\/div>\n\t\t\t\t\t\t\t\t<\/div>\n\t\t\t\t<\/div>\n\t\t\t\t\t<\/div>\n\t\t<\/div>\n\t\t\t\t\t<\/div>\n\t\t<\/section>\n\t\t\t\t<\/div>\n\t\t","protected":false},"excerpt":{"rendered":"<p>INSTALA\u00c7\u00c3O DE CHUMBADORES QU\u00cdMICOS prolight INSTALA\u00c7\u00c3O DE CHUMBADORES QU\u00cdMICOS A instala\u00e7\u00e3o de chumbadores qu\u00edmicos \u00e9 a solu\u00e7\u00e3o idealpara fixa\u00e7\u00f5es estruturais [&hellip;]<\/p>\n","protected":false},"author":2,"featured_media":0,"parent":0,"menu_order":0,"comment_status":"closed","ping_status":"closed","template":"","meta":{"site-sidebar-layout":"no-sidebar","site-content-layout":"","ast-site-content-layout":"full-width-container","site-content-style":"default","site-sidebar-style":"default","ast-global-header-display":"","ast-banner-title-visibility":"","ast-main-header-display":"","ast-hfb-above-header-display":"","ast-hfb-below-header-display":"","ast-hfb-mobile-header-display":"","site-post-title":"disabled","ast-breadcrumbs-content":"","ast-featured-img":"disabled","footer-sml-layout":"","ast-disable-related-posts":"","theme-transparent-header-meta":"","adv-header-id-meta":"","stick-header-meta":"","header-above-stick-meta":"","header-main-stick-meta":"","header-below-stick-meta":"","astra-migrate-meta-layouts":"default","ast-page-background-enabled":"default","ast-page-background-meta":{"desktop":{"background-color":"var(--ast-global-color-5)","background-image":"","background-repeat":"repeat","background-position":"center center","background-size":"auto","background-attachment":"scroll","background-type":"","background-media":"","overlay-type":"","overlay-color":"","overlay-opacity":"","overlay-gradient":""},"tablet":{"background-color":"","background-image":"","background-repeat":"repeat","background-position":"center center","background-size":"auto","background-attachment":"scroll","background-type":"","background-media":"","overlay-type":"","overlay-color":"","overlay-opacity":"","overlay-gradient":""},"mobile":{"background-color":"","background-image":"","background-repeat":"repeat","background-position":"center center","background-size":"auto","background-attachment":"scroll","background-type":"","background-media":"","overlay-type":"","overlay-color":"","overlay-opacity":"","overlay-gradient":""}},"ast-content-background-meta":{"desktop":{"background-color":"var(--ast-global-color-4)","background-image":"","background-repeat":"repeat","background-position":"center center","background-size":"auto","background-attachment":"scroll","background-type":"","background-media":"","overlay-type":"","overlay-color":"","overlay-opacity":"","overlay-gradient":""},"tablet":{"background-color":"var(--ast-global-color-4)","background-image":"","background-repeat":"repeat","background-position":"center center","background-size":"auto","background-attachment":"scroll","background-type":"","background-media":"","overlay-type":"","overlay-color":"","overlay-opacity":"","overlay-gradient":""},"mobile":{"background-color":"var(--ast-global-color-4)","background-image":"","background-repeat":"repeat","background-position":"center center","background-size":"auto","background-attachment":"scroll","background-type":"","background-media":"","overlay-type":"","overlay-color":"","overlay-opacity":"","overlay-gradient":""}},"footnotes":""},"class_list":["post-1854","page","type-page","status-publish","hentry"],"aioseo_notices":[],"_links":{"self":[{"href":"https:\/\/prolight.com.br\/es\/wp-json\/wp\/v2\/pages\/1854","targetHints":{"allow":["GET"]}}],"collection":[{"href":"https:\/\/prolight.com.br\/es\/wp-json\/wp\/v2\/pages"}],"about":[{"href":"https:\/\/prolight.com.br\/es\/wp-json\/wp\/v2\/types\/page"}],"author":[{"embeddable":true,"href":"https:\/\/prolight.com.br\/es\/wp-json\/wp\/v2\/users\/2"}],"replies":[{"embeddable":true,"href":"https:\/\/prolight.com.br\/es\/wp-json\/wp\/v2\/comments?post=1854"}],"version-history":[{"count":19,"href":"https:\/\/prolight.com.br\/es\/wp-json\/wp\/v2\/pages\/1854\/revisions"}],"predecessor-version":[{"id":2469,"href":"https:\/\/prolight.com.br\/es\/wp-json\/wp\/v2\/pages\/1854\/revisions\/2469"}],"wp:attachment":[{"href":"https:\/\/prolight.com.br\/es\/wp-json\/wp\/v2\/media?parent=1854"}],"curies":[{"name":"wp","href":"https:\/\/api.w.org\/{rel}","templated":true}]}}