{"id":2282,"date":"2025-08-18T23:12:29","date_gmt":"2025-08-18T23:12:29","guid":{"rendered":"https:\/\/prolight.com.br\/es\/?page_id=2282"},"modified":"2025-08-18T23:34:10","modified_gmt":"2025-08-18T23:34:10","slug":"brocas","status":"publish","type":"page","link":"https:\/\/prolight.com.br\/es\/brocas\/","title":{"rendered":"brocas"},"content":{"rendered":"\t\t<div data-elementor-type=\"wp-page\" data-elementor-id=\"2282\" class=\"elementor elementor-2282\" data-elementor-post-type=\"page\">\n\t\t\t\t<div class=\"elementor-element elementor-element-57ecdbb7 e-flex e-con-boxed e-con e-parent\" data-id=\"57ecdbb7\" data-element_type=\"container\" data-e-type=\"container\" data-settings=\"{&quot;background_background&quot;:&quot;classic&quot;,&quot;background_motion_fx_motion_fx_scrolling&quot;:&quot;yes&quot;,&quot;background_motion_fx_translateY_effect&quot;:&quot;yes&quot;,&quot;background_motion_fx_translateY_speed&quot;:{&quot;unit&quot;:&quot;px&quot;,&quot;size&quot;:3,&quot;sizes&quot;:[]},&quot;background_motion_fx_translateY_affectedRange&quot;:{&quot;unit&quot;:&quot;%&quot;,&quot;size&quot;:&quot;&quot;,&quot;sizes&quot;:{&quot;start&quot;:0,&quot;end&quot;:100}},&quot;background_motion_fx_devices&quot;:[&quot;desktop&quot;,&quot;tablet&quot;,&quot;mobile&quot;]}\">\n\t\t\t\t\t<div class=\"e-con-inner\">\n\t\t\t\t<div class=\"elementor-element elementor-element-9cfd949 elementor-invisible elementor-widget elementor-widget-heading\" data-id=\"9cfd949\" data-element_type=\"widget\" data-e-type=\"widget\" data-settings=\"{&quot;_animation&quot;:&quot;slideInUp&quot;}\" data-widget_type=\"heading.default\">\n\t\t\t\t<div class=\"elementor-widget-container\">\n\t\t\t\t\t<h1 class=\"elementor-heading-title elementor-size-default\">Repastilhamento de Brocas \n<\/h1>\t\t\t\t<\/div>\n\t\t\t\t<\/div>\n\t\t\t\t\t<\/div>\n\t\t\t\t<\/div>\n\t\t\t\t<section class=\"elementor-section elementor-top-section elementor-element elementor-element-2681ac69 elementor-section-boxed elementor-section-height-default elementor-section-height-default\" data-id=\"2681ac69\" data-element_type=\"section\" data-e-type=\"section\" data-settings=\"{&quot;background_background&quot;:&quot;classic&quot;}\">\n\t\t\t\t\t\t<div class=\"elementor-container elementor-column-gap-default\">\n\t\t\t\t\t<div class=\"elementor-column elementor-col-50 elementor-top-column elementor-element elementor-element-19a14d11\" data-id=\"19a14d11\" data-element_type=\"column\" data-e-type=\"column\">\n\t\t\t<div class=\"elementor-widget-wrap elementor-element-populated\">\n\t\t\t\t\t\t\t<\/div>\n\t\t<\/div>\n\t\t\t\t<div class=\"elementor-column elementor-col-50 elementor-top-column elementor-element elementor-element-2831c01f\" data-id=\"2831c01f\" data-element_type=\"column\" data-e-type=\"column\">\n\t\t\t<div class=\"elementor-widget-wrap elementor-element-populated\">\n\t\t\t\t\t\t<div class=\"elementor-element elementor-element-26943aba elementor-invisible elementor-widget elementor-widget-heading\" data-id=\"26943aba\" data-element_type=\"widget\" data-e-type=\"widget\" data-settings=\"{&quot;_animation&quot;:&quot;fadeIn&quot;}\" data-widget_type=\"heading.default\">\n\t\t\t\t<div class=\"elementor-widget-container\">\n\t\t\t\t\t<h5 class=\"elementor-heading-title elementor-size-medium\">prolight<\/h5>\t\t\t\t<\/div>\n\t\t\t\t<\/div>\n\t\t\t\t<div class=\"elementor-element elementor-element-555e76a9 elementor-widget-divider--view-line elementor-invisible elementor-widget elementor-widget-divider\" data-id=\"555e76a9\" data-element_type=\"widget\" data-e-type=\"widget\" data-settings=\"{&quot;_animation&quot;:&quot;fadeInUp&quot;}\" data-widget_type=\"divider.default\">\n\t\t\t\t<div class=\"elementor-widget-container\">\n\t\t\t\t\t\t\t<div class=\"elementor-divider\">\n\t\t\t<span class=\"elementor-divider-separator\">\n\t\t\t\t\t\t<\/span>\n\t\t<\/div>\n\t\t\t\t\t\t<\/div>\n\t\t\t\t<\/div>\n\t\t\t\t<div class=\"elementor-element elementor-element-69a9c734 elementor-invisible elementor-widget elementor-widget-text-editor\" data-id=\"69a9c734\" data-element_type=\"widget\" data-e-type=\"widget\" data-settings=\"{&quot;_animation&quot;:&quot;fadeIn&quot;}\" data-widget_type=\"text-editor.default\">\n\t\t\t\t<div class=\"elementor-widget-container\">\n\t\t\t\t\t\t\t\t\t<h3><span style=\"color: #ffffff;\">Precis\u00e3o, Seguran\u00e7a e Efici\u00eancia <br \/>O corte em concreto<\/span><\/h3><p data-start=\"228\" data-end=\"563\">O repastilhamento de brocas diamantadas \u00e9 um servi\u00e7o essencial para restaurar o desempenho de ferramentas utilizadas em cortes e perfura\u00e7\u00f5es em concreto, asfalto, alvenaria e outros materiais de alta resist\u00eancia. Ao substituir apenas os segmentos diamantados desgastados, prolongamos a vida \u00fatil da broca com excelente custo-benef\u00edcio.<\/p><hr data-start=\"565\" data-end=\"568\" \/><ul><li><strong>Vantagens do Repastilhamento<\/strong><\/li><li data-start=\"604\" data-end=\"674\"><p data-start=\"606\" data-end=\"674\"><strong data-start=\"606\" data-end=\"632\">Economia significativa<\/strong> em compara\u00e7\u00e3o \u00e0 compra de novas brocas.\u00a0<\/p><\/li><li data-start=\"675\" data-end=\"738\"><p data-start=\"677\" data-end=\"738\"><strong data-start=\"677\" data-end=\"702\">Desempenho restaurado<\/strong>, com cortes r\u00e1pidos e eficientes.<\/p><\/li><li data-start=\"739\" data-end=\"802\"><p data-start=\"741\" data-end=\"802\"><strong data-start=\"741\" data-end=\"761\">Sustentabilidade<\/strong>, ao reduzir o descarte de ferramentas.<\/p><\/li><li data-start=\"803\" data-end=\"899\"><p data-start=\"805\" data-end=\"899\"><strong data-start=\"805\" data-end=\"823\">Personaliza\u00e7\u00e3o<\/strong>, com escolha de segmentos de acordo com o tipo de material a ser cortado.<\/p><\/li><\/ul><hr data-start=\"901\" data-end=\"904\" \/><ul><li data-start=\"906\" data-end=\"944\">Processo Seguro e de Alta Precis\u00e3o<\/li><\/ul><p data-start=\"946\" data-end=\"1013\">Nosso processo de repastilhamento segue rigorosos padr\u00f5es t\u00e9cnicos:<\/p><ol data-start=\"1015\" data-end=\"1194\"><li data-start=\"1015\" data-end=\"1055\"><p data-start=\"1018\" data-end=\"1055\"><strong data-start=\"1018\" data-end=\"1055\">Remo\u00e7\u00e3o dos segmentos desgastados<\/strong><\/p><\/li><li data-start=\"1056\" data-end=\"1104\"><p data-start=\"1059\" data-end=\"1104\"><strong data-start=\"1059\" data-end=\"1104\">Avalia\u00e7\u00e3o e recupera\u00e7\u00e3o do corpo da broca<\/strong><\/p><\/li><li data-start=\"1105\" data-end=\"1151\"><p data-start=\"1108\" data-end=\"1151\"><strong data-start=\"1108\" data-end=\"1151\">Soldagem de novos segmentos diamantados<\/strong><\/p><\/li><li data-start=\"1152\" data-end=\"1194\"><p data-start=\"1155\" data-end=\"1194\"><strong data-start=\"1155\" data-end=\"1194\">Balanceamento e testes de qualidade<\/strong><\/p><\/li><\/ol><p data-start=\"1196\" data-end=\"1358\">Utilizamos equipamentos especializados e profissionais treinados para garantir que cada broca volte ao seu m\u00e1ximo desempenho, com total seguran\u00e7a para o operador.<\/p><hr data-start=\"1360\" data-end=\"1363\" \/><ul><li data-start=\"1365\" data-end=\"1379\">Atendemos:<\/li><li data-start=\"1381\" data-end=\"1427\"><p data-start=\"1383\" data-end=\"1427\">Empresas de perfura\u00e7\u00e3o e corte de concreto<\/p><\/li><li data-start=\"1428\" data-end=\"1459\"><p data-start=\"1430\" data-end=\"1459\">Construtoras e empreiteiras<\/p><\/li><li data-start=\"1460\" data-end=\"1489\"><p data-start=\"1462\" data-end=\"1489\">Locadoras de equipamentos<\/p><\/li><li data-start=\"1490\" data-end=\"1535\"><p data-start=\"1492\" data-end=\"1535\">Profissionais aut\u00f4nomos da constru\u00e7\u00e3o civil<\/p><\/li><\/ul><hr data-start=\"1537\" data-end=\"1540\" \/><p data-start=\"1542\" data-end=\"1686\"><strong data-start=\"1542\" data-end=\"1599\">Confie em quem entende de performance e durabilidade.<\/strong><br data-start=\"1599\" data-end=\"1602\" \/>Entre em contato para or\u00e7amento ou mais informa\u00e7\u00f5es sobre repastilhamento de brocas.<\/p>\t\t\t\t\t\t\t\t<\/div>\n\t\t\t\t<\/div>\n\t\t\t\t<div class=\"elementor-element elementor-element-10b98d17 elementor-widget__width-initial elementor-mobile-align-justify elementor-widget-mobile__width-inherit elementor-widget elementor-widget-button\" data-id=\"10b98d17\" data-element_type=\"widget\" data-e-type=\"widget\" data-widget_type=\"button.default\">\n\t\t\t\t<div class=\"elementor-widget-container\">\n\t\t\t\t\t\t\t\t\t<div class=\"elementor-button-wrapper\">\n\t\t\t\t\t<a class=\"elementor-button elementor-button-link elementor-size-sm elementor-animation-wobble-vertical\" href=\"https:\/\/wa.me\/5521970344302\">\n\t\t\t\t\t\t<span class=\"elementor-button-content-wrapper\">\n\t\t\t\t\t\t<span class=\"elementor-button-icon\">\n\t\t\t\t<svg aria-hidden=\"true\" class=\"e-font-icon-svg e-fab-whatsapp\" viewBox=\"0 0 448 512\" xmlns=\"http:\/\/www.w3.org\/2000\/svg\"><path d=\"M380.9 97.1C339 55.1 283.2 32 223.9 32c-122.4 0-222 99.6-222 222 0 39.1 10.2 77.3 29.6 111L0 480l117.7-30.9c32.4 17.7 68.9 27 106.1 27h.1c122.3 0 224.1-99.6 224.1-222 0-59.3-25.2-115-67.1-157zm-157 341.6c-33.2 0-65.7-8.9-94-25.7l-6.7-4-69.8 18.3L72 359.2l-4.4-7c-18.5-29.4-28.2-63.3-28.2-98.2 0-101.7 82.8-184.5 184.6-184.5 49.3 0 95.6 19.2 130.4 54.1 34.8 34.9 56.2 81.2 56.1 130.5 0 101.8-84.9 184.6-186.6 184.6zm101.2-138.2c-5.5-2.8-32.8-16.2-37.9-18-5.1-1.9-8.8-2.8-12.5 2.8-3.7 5.6-14.3 18-17.6 21.8-3.2 3.7-6.5 4.2-12 1.4-32.6-16.3-54-29.1-75.5-66-5.7-9.8 5.7-9.1 16.3-30.3 1.8-3.7.9-6.9-.5-9.7-1.4-2.8-12.5-30.1-17.1-41.2-4.5-10.8-9.1-9.3-12.5-9.5-3.2-.2-6.9-.2-10.6-.2-3.7 0-9.7 1.4-14.8 6.9-5.1 5.6-19.4 19-19.4 46.3 0 27.3 19.9 53.7 22.6 57.4 2.8 3.7 39.1 59.7 94.8 83.8 35.2 15.2 49 16.5 66.6 13.9 10.7-1.6 32.8-13.4 37.4-26.4 4.6-13 4.6-24.1 3.2-26.4-1.3-2.5-5-3.9-10.5-6.6z\"><\/path><\/svg>\t\t\t<\/span>\n\t\t\t\t\t\t\t\t\t<span class=\"elementor-button-text\">WHATSAPP<\/span>\n\t\t\t\t\t<\/span>\n\t\t\t\t\t<\/a>\n\t\t\t\t<\/div>\n\t\t\t\t\t\t\t\t<\/div>\n\t\t\t\t<\/div>\n\t\t\t\t\t<\/div>\n\t\t<\/div>\n\t\t\t\t\t<\/div>\n\t\t<\/section>\n\t\t\t\t<\/div>\n\t\t","protected":false},"excerpt":{"rendered":"<p>Repastilhamento de Brocas prolight Precis\u00e3o, Seguran\u00e7a e Efici\u00eancia O corte em concreto O repastilhamento de brocas diamantadas \u00e9 um servi\u00e7o [&hellip;]<\/p>\n","protected":false},"author":1,"featured_media":0,"parent":0,"menu_order":0,"comment_status":"closed","ping_status":"closed","template":"","meta":{"site-sidebar-layout":"no-sidebar","site-content-layout":"","ast-site-content-layout":"full-width-container","site-content-style":"default","site-sidebar-style":"default","ast-global-header-display":"","ast-banner-title-visibility":"","ast-main-header-display":"","ast-hfb-above-header-display":"","ast-hfb-below-header-display":"","ast-hfb-mobile-header-display":"","site-post-title":"disabled","ast-breadcrumbs-content":"","ast-featured-img":"disabled","footer-sml-layout":"","ast-disable-related-posts":"","theme-transparent-header-meta":"","adv-header-id-meta":"","stick-header-meta":"","header-above-stick-meta":"","header-main-stick-meta":"","header-below-stick-meta":"","astra-migrate-meta-layouts":"default","ast-page-background-enabled":"default","ast-page-background-meta":{"desktop":{"background-color":"var(--ast-global-color-5)","background-image":"","background-repeat":"repeat","background-position":"center center","background-size":"auto","background-attachment":"scroll","background-type":"","background-media":"","overlay-type":"","overlay-color":"","overlay-opacity":"","overlay-gradient":""},"tablet":{"background-color":"","background-image":"","background-repeat":"repeat","background-position":"center center","background-size":"auto","background-attachment":"scroll","background-type":"","background-media":"","overlay-type":"","overlay-color":"","overlay-opacity":"","overlay-gradient":""},"mobile":{"background-color":"","background-image":"","background-repeat":"repeat","background-position":"center center","background-size":"auto","background-attachment":"scroll","background-type":"","background-media":"","overlay-type":"","overlay-color":"","overlay-opacity":"","overlay-gradient":""}},"ast-content-background-meta":{"desktop":{"background-color":"var(--ast-global-color-4)","background-image":"","background-repeat":"repeat","background-position":"center center","background-size":"auto","background-attachment":"scroll","background-type":"","background-media":"","overlay-type":"","overlay-color":"","overlay-opacity":"","overlay-gradient":""},"tablet":{"background-color":"var(--ast-global-color-4)","background-image":"","background-repeat":"repeat","background-position":"center center","background-size":"auto","background-attachment":"scroll","background-type":"","background-media":"","overlay-type":"","overlay-color":"","overlay-opacity":"","overlay-gradient":""},"mobile":{"background-color":"var(--ast-global-color-4)","background-image":"","background-repeat":"repeat","background-position":"center center","background-size":"auto","background-attachment":"scroll","background-type":"","background-media":"","overlay-type":"","overlay-color":"","overlay-opacity":"","overlay-gradient":""}},"footnotes":""},"class_list":["post-2282","page","type-page","status-publish","hentry"],"aioseo_notices":[],"_links":{"self":[{"href":"https:\/\/prolight.com.br\/es\/wp-json\/wp\/v2\/pages\/2282","targetHints":{"allow":["GET"]}}],"collection":[{"href":"https:\/\/prolight.com.br\/es\/wp-json\/wp\/v2\/pages"}],"about":[{"href":"https:\/\/prolight.com.br\/es\/wp-json\/wp\/v2\/types\/page"}],"author":[{"embeddable":true,"href":"https:\/\/prolight.com.br\/es\/wp-json\/wp\/v2\/users\/1"}],"replies":[{"embeddable":true,"href":"https:\/\/prolight.com.br\/es\/wp-json\/wp\/v2\/comments?post=2282"}],"version-history":[{"count":10,"href":"https:\/\/prolight.com.br\/es\/wp-json\/wp\/v2\/pages\/2282\/revisions"}],"predecessor-version":[{"id":2304,"href":"https:\/\/prolight.com.br\/es\/wp-json\/wp\/v2\/pages\/2282\/revisions\/2304"}],"wp:attachment":[{"href":"https:\/\/prolight.com.br\/es\/wp-json\/wp\/v2\/media?parent=2282"}],"curies":[{"name":"wp","href":"https:\/\/api.w.org\/{rel}","templated":true}]}}