{"id":1510,"date":"2025-03-29T14:48:36","date_gmt":"2025-03-29T14:48:36","guid":{"rendered":"https:\/\/prolight.com.br\/es\/?post_type=product&#038;p=1510"},"modified":"2025-03-29T14:48:37","modified_gmt":"2025-03-29T14:48:37","slug":"serra-marmore","status":"publish","type":"product","link":"https:\/\/prolight.com.br\/es\/produto\/serra-marmore\/","title":{"rendered":"Serra Marmore"},"content":{"rendered":"<p> \u00fanica ferramenta do mercado que alcan\u00e7a espa\u00e7os que as outras n\u00e3o alcan\u00e7am, al\u00e9m de ser leve e compacta, possui placa-base de f\u00e1cil ajuste e remo\u00e7\u00e3o, alto torque e maior velocidade nas diversas aplica\u00e7\u00f5es. E para agilizar a troca de acess\u00f3rio, ela acompanha uma chave exclusiva.<br \/>\nPara cortes retos em todos os tipos de pedras, pisos,cer\u00e2micas, azulejos, telhas, entre outros materiais. Placa-base de f\u00e1cil remo\u00e7\u00e3o e f\u00e1cil ajuste (de 0\u00b0, 15\u00b0, 30\u00b0 e 45\u00b0).Alto torque, maior velocidade nas aplica\u00e7\u00f5es. Compacta e leve, realiza trabalhos do dia a dia sem esfor\u00e7o e cansa\u00e7o.<br \/>\nDados adicionais:<br \/>\nPot\u00eancia nominal absorvida 1.500 W<br \/>\nN\u00ba de rota\u00e7\u00f5es em vazio 12.200 r.p.m.<br \/>\nPeso 2,6 kg<br \/>\nProfundidade de corte 26 \u2013 40,3 mm<br \/>\n\u00d8 do disco 125 mm<br \/>\nModo de opera\u00e7\u00e3o \u00famido<\/p>\n","protected":false},"excerpt":{"rendered":"<p>\u00fanica ferramenta do mercado que alcan\u00e7a espa\u00e7os que as outras n\u00e3o alcan\u00e7am, al\u00e9m de ser leve e compacta, possui placa-base [&hellip;]<\/p>\n","protected":false},"featured_media":848,"template":"","meta":{"site-sidebar-layout":"default","site-content-layout":"","ast-site-content-layout":"default","site-content-style":"default","site-sidebar-style":"default","ast-global-header-display":"","ast-banner-title-visibility":"","ast-main-header-display":"","ast-hfb-above-header-display":"","ast-hfb-below-header-display":"","ast-hfb-mobile-header-display":"","site-post-title":"","ast-breadcrumbs-content":"","ast-featured-img":"","footer-sml-layout":"","ast-disable-related-posts":"","theme-transparent-header-meta":"","adv-header-id-meta":"","stick-header-meta":"","header-above-stick-meta":"","header-main-stick-meta":"","header-below-stick-meta":"","astra-migrate-meta-layouts":"default","ast-page-background-enabled":"default","ast-page-background-meta":{"desktop":{"background-color":"var(--ast-global-color-5)","background-image":"","background-repeat":"repeat","background-position":"center center","background-size":"auto","background-attachment":"scroll","background-type":"","background-media":"","overlay-type":"","overlay-color":"","overlay-opacity":"","overlay-gradient":""},"tablet":{"background-color":"","background-image":"","background-repeat":"repeat","background-position":"center center","background-size":"auto","background-attachment":"scroll","background-type":"","background-media":"","overlay-type":"","overlay-color":"","overlay-opacity":"","overlay-gradient":""},"mobile":{"background-color":"","background-image":"","background-repeat":"repeat","background-position":"center center","background-size":"auto","background-attachment":"scroll","background-type":"","background-media":"","overlay-type":"","overlay-color":"","overlay-opacity":"","overlay-gradient":""}},"ast-content-background-meta":{"desktop":{"background-color":"var(--ast-global-color-4)","background-image":"","background-repeat":"repeat","background-position":"center center","background-size":"auto","background-attachment":"scroll","background-type":"","background-media":"","overlay-type":"","overlay-color":"","overlay-opacity":"","overlay-gradient":""},"tablet":{"background-color":"var(--ast-global-color-4)","background-image":"","background-repeat":"repeat","background-position":"center center","background-size":"auto","background-attachment":"scroll","background-type":"","background-media":"","overlay-type":"","overlay-color":"","overlay-opacity":"","overlay-gradient":""},"mobile":{"background-color":"var(--ast-global-color-4)","background-image":"","background-repeat":"repeat","background-position":"center center","background-size":"auto","background-attachment":"scroll","background-type":"","background-media":"","overlay-type":"","overlay-color":"","overlay-opacity":"","overlay-gradient":""}}},"product_brand":[],"product_cat":[52],"product_tag":[],"class_list":{"0":"post-1510","1":"product","2":"type-product","3":"status-publish","4":"has-post-thumbnail","6":"product_cat-venda","7":"desktop-align-left","8":"tablet-align-left","9":"mobile-align-left","11":"first","12":"instock","13":"shipping-taxable","14":"product-type-simple"},"aioseo_notices":[],"_links":{"self":[{"href":"https:\/\/prolight.com.br\/es\/wp-json\/wp\/v2\/product\/1510","targetHints":{"allow":["GET"]}}],"collection":[{"href":"https:\/\/prolight.com.br\/es\/wp-json\/wp\/v2\/product"}],"about":[{"href":"https:\/\/prolight.com.br\/es\/wp-json\/wp\/v2\/types\/product"}],"wp:featuredmedia":[{"embeddable":true,"href":"https:\/\/prolight.com.br\/es\/wp-json\/wp\/v2\/media\/848"}],"wp:attachment":[{"href":"https:\/\/prolight.com.br\/es\/wp-json\/wp\/v2\/media?parent=1510"}],"wp:term":[{"taxonomy":"product_brand","embeddable":true,"href":"https:\/\/prolight.com.br\/es\/wp-json\/wp\/v2\/product_brand?post=1510"},{"taxonomy":"product_cat","embeddable":true,"href":"https:\/\/prolight.com.br\/es\/wp-json\/wp\/v2\/product_cat?post=1510"},{"taxonomy":"product_tag","embeddable":true,"href":"https:\/\/prolight.com.br\/es\/wp-json\/wp\/v2\/product_tag?post=1510"}],"curies":[{"name":"wp","href":"https:\/\/api.w.org\/{rel}","templated":true}]}}