{"id":1511,"date":"2025-03-29T14:48:36","date_gmt":"2025-03-29T14:48:36","guid":{"rendered":"https:\/\/prolight.com.br\/es\/?post_type=product&#038;p=1511"},"modified":"2025-03-29T14:48:37","modified_gmt":"2025-03-29T14:48:37","slug":"martelete-sds-plus-makita","status":"publish","type":"product","link":"https:\/\/prolight.com.br\/es\/produto\/martelete-sds-plus-makita\/","title":{"rendered":"Martelete SDS plus Makita"},"content":{"rendered":"<p>CARACTER\u00cdSTICAS:<br \/>\nVelocidade vari\u00e1vel.<br \/>\nRota\u00e7\u00e3o revers\u00edvel.<br \/>\nLimitador de torque.<br \/>\nEncaixe SDS PLUS.<br \/>\nDupla isola\u00e7\u00e3o.<br \/>\nAdapt\u00e1vel a coletor \/ aspirador de p\u00f3.<br \/>\nESPECIFICA\u00c7\u00d5ESPot\u00eancia: 800W<br \/>\nRota\u00e7\u00e3o por minuto: 0-1.100<br \/>\nImpacto por minunto: 0-4.500<br \/>\nCapacidades:<br \/>\n&#8211; Metal : 13mm<br \/>\n&#8211; Madeira : 32mm<br \/>\n&#8211; Concreto : 24mm<br \/>\nDimens\u00f5es (C x L x A): 370 x 84 x 214mm<br \/>\nEnergia de Impacto 2.7 Joules<br \/>\nPeso: 2.9kg<br \/>\nEmiss\u00e3o de vibra\u00e7\u00f5es: 15.5 m\/s\u00b2<br \/>\nIncerteza K: 1.5m\/s\u00b2<\/p>\n","protected":false},"excerpt":{"rendered":"<p>CARACTER\u00cdSTICAS: Velocidade vari\u00e1vel. Rota\u00e7\u00e3o revers\u00edvel. Limitador de torque. Encaixe SDS PLUS. Dupla isola\u00e7\u00e3o. Adapt\u00e1vel a coletor \/ aspirador de p\u00f3. [&hellip;]<\/p>\n","protected":false},"featured_media":849,"template":"","meta":{"site-sidebar-layout":"default","site-content-layout":"","ast-site-content-layout":"default","site-content-style":"default","site-sidebar-style":"default","ast-global-header-display":"","ast-banner-title-visibility":"","ast-main-header-display":"","ast-hfb-above-header-display":"","ast-hfb-below-header-display":"","ast-hfb-mobile-header-display":"","site-post-title":"","ast-breadcrumbs-content":"","ast-featured-img":"","footer-sml-layout":"","ast-disable-related-posts":"","theme-transparent-header-meta":"","adv-header-id-meta":"","stick-header-meta":"","header-above-stick-meta":"","header-main-stick-meta":"","header-below-stick-meta":"","astra-migrate-meta-layouts":"default","ast-page-background-enabled":"default","ast-page-background-meta":{"desktop":{"background-color":"var(--ast-global-color-5)","background-image":"","background-repeat":"repeat","background-position":"center center","background-size":"auto","background-attachment":"scroll","background-type":"","background-media":"","overlay-type":"","overlay-color":"","overlay-opacity":"","overlay-gradient":""},"tablet":{"background-color":"","background-image":"","background-repeat":"repeat","background-position":"center center","background-size":"auto","background-attachment":"scroll","background-type":"","background-media":"","overlay-type":"","overlay-color":"","overlay-opacity":"","overlay-gradient":""},"mobile":{"background-color":"","background-image":"","background-repeat":"repeat","background-position":"center center","background-size":"auto","background-attachment":"scroll","background-type":"","background-media":"","overlay-type":"","overlay-color":"","overlay-opacity":"","overlay-gradient":""}},"ast-content-background-meta":{"desktop":{"background-color":"var(--ast-global-color-4)","background-image":"","background-repeat":"repeat","background-position":"center center","background-size":"auto","background-attachment":"scroll","background-type":"","background-media":"","overlay-type":"","overlay-color":"","overlay-opacity":"","overlay-gradient":""},"tablet":{"background-color":"var(--ast-global-color-4)","background-image":"","background-repeat":"repeat","background-position":"center center","background-size":"auto","background-attachment":"scroll","background-type":"","background-media":"","overlay-type":"","overlay-color":"","overlay-opacity":"","overlay-gradient":""},"mobile":{"background-color":"var(--ast-global-color-4)","background-image":"","background-repeat":"repeat","background-position":"center center","background-size":"auto","background-attachment":"scroll","background-type":"","background-media":"","overlay-type":"","overlay-color":"","overlay-opacity":"","overlay-gradient":""}}},"product_brand":[],"product_cat":[52],"product_tag":[],"class_list":{"0":"post-1511","1":"product","2":"type-product","3":"status-publish","4":"has-post-thumbnail","6":"product_cat-venda","7":"desktop-align-left","8":"tablet-align-left","9":"mobile-align-left","11":"first","12":"instock","13":"shipping-taxable","14":"product-type-simple"},"aioseo_notices":[],"_links":{"self":[{"href":"https:\/\/prolight.com.br\/es\/wp-json\/wp\/v2\/product\/1511","targetHints":{"allow":["GET"]}}],"collection":[{"href":"https:\/\/prolight.com.br\/es\/wp-json\/wp\/v2\/product"}],"about":[{"href":"https:\/\/prolight.com.br\/es\/wp-json\/wp\/v2\/types\/product"}],"wp:featuredmedia":[{"embeddable":true,"href":"https:\/\/prolight.com.br\/es\/wp-json\/wp\/v2\/media\/849"}],"wp:attachment":[{"href":"https:\/\/prolight.com.br\/es\/wp-json\/wp\/v2\/media?parent=1511"}],"wp:term":[{"taxonomy":"product_brand","embeddable":true,"href":"https:\/\/prolight.com.br\/es\/wp-json\/wp\/v2\/product_brand?post=1511"},{"taxonomy":"product_cat","embeddable":true,"href":"https:\/\/prolight.com.br\/es\/wp-json\/wp\/v2\/product_cat?post=1511"},{"taxonomy":"product_tag","embeddable":true,"href":"https:\/\/prolight.com.br\/es\/wp-json\/wp\/v2\/product_tag?post=1511"}],"curies":[{"name":"wp","href":"https:\/\/api.w.org\/{rel}","templated":true}]}}