{"id":1547,"date":"2025-03-29T14:48:38","date_gmt":"2025-03-29T14:48:38","guid":{"rendered":"https:\/\/prolight.com.br\/es\/?post_type=product&#038;p=1547"},"modified":"2025-08-25T19:21:17","modified_gmt":"2025-08-25T19:21:17","slug":"furadeira-de-mandril1-2","status":"publish","type":"product","link":"https:\/\/prolight.com.br\/es\/produto\/furadeira-de-mandril1-2\/","title":{"rendered":"Furadeira de mandril1\/2\u201d"},"content":{"rendered":"","protected":false},"excerpt":{"rendered":"<p>A Furadeira de Impacto Bosch GSB 16 RE possui 750W de pot\u00eancia para os trabalhos mais exigentes. Sua carca\u00e7a robusta tipo pote garante maior durabilidade e vida \u00fatil da ferramenta. Al\u00e9m disso, vem com interruptor de velocidade vari\u00e1vel, punho auxiliar e radial para um manuseio seguro, al\u00e9m de bot\u00e3o trava para trabalhos cont\u00ednuos. Recomendada para uso industrial. Dados adicionais:<br \/>\nPot\u00eancia nominal absorvida 750 W<br \/>\nPeso 1,8 kg<br \/>\nN\u00ba de rota\u00e7\u00f5es em vazio, 1\u00aa velocidade 0 \u2013 3.250 r.p.m.<br \/>\nDimens\u00f5es da ferramenta (comprimento) 280 mm<br \/>\nN\u00ba m\u00e1x. de impactos em vazio 0 \u2013 48.500 i.p.m.<br \/>\nTorque nominal 2,1 Nm<br \/>\nAmplitude de aperto, min.\/m\u00e1x. 1,5 \u2013 13 mm<br \/>\nDimens\u00f5es da ferramenta (largura) 70 mm<br \/>\nDimens\u00f5es da ferramenta (altura) 190 mm<\/p>\n","protected":false},"featured_media":911,"template":"","meta":{"site-sidebar-layout":"default","site-content-layout":"","ast-site-content-layout":"default","site-content-style":"default","site-sidebar-style":"default","ast-global-header-display":"","ast-banner-title-visibility":"","ast-main-header-display":"","ast-hfb-above-header-display":"","ast-hfb-below-header-display":"","ast-hfb-mobile-header-display":"","site-post-title":"","ast-breadcrumbs-content":"","ast-featured-img":"","footer-sml-layout":"","ast-disable-related-posts":"","theme-transparent-header-meta":"default","adv-header-id-meta":"","stick-header-meta":"","header-above-stick-meta":"","header-main-stick-meta":"","header-below-stick-meta":"","astra-migrate-meta-layouts":"set","ast-page-background-enabled":"default","ast-page-background-meta":{"desktop":{"background-color":"var(--ast-global-color-5)","background-image":"","background-repeat":"repeat","background-position":"center center","background-size":"auto","background-attachment":"scroll","background-type":"","background-media":"","overlay-type":"","overlay-color":"","overlay-opacity":"","overlay-gradient":""},"tablet":{"background-color":"","background-image":"","background-repeat":"repeat","background-position":"center center","background-size":"auto","background-attachment":"scroll","background-type":"","background-media":"","overlay-type":"","overlay-color":"","overlay-opacity":"","overlay-gradient":""},"mobile":{"background-color":"","background-image":"","background-repeat":"repeat","background-position":"center center","background-size":"auto","background-attachment":"scroll","background-type":"","background-media":"","overlay-type":"","overlay-color":"","overlay-opacity":"","overlay-gradient":""}},"ast-content-background-meta":{"desktop":{"background-color":"var(--ast-global-color-4)","background-image":"","background-repeat":"repeat","background-position":"center center","background-size":"auto","background-attachment":"scroll","background-type":"","background-media":"","overlay-type":"","overlay-color":"","overlay-opacity":"","overlay-gradient":""},"tablet":{"background-color":"var(--ast-global-color-4)","background-image":"","background-repeat":"repeat","background-position":"center center","background-size":"auto","background-attachment":"scroll","background-type":"","background-media":"","overlay-type":"","overlay-color":"","overlay-opacity":"","overlay-gradient":""},"mobile":{"background-color":"var(--ast-global-color-4)","background-image":"","background-repeat":"repeat","background-position":"center center","background-size":"auto","background-attachment":"scroll","background-type":"","background-media":"","overlay-type":"","overlay-color":"","overlay-opacity":"","overlay-gradient":""}}},"product_brand":[],"product_cat":[55],"product_tag":[],"class_list":{"0":"post-1547","1":"product","2":"type-product","3":"status-publish","4":"has-post-thumbnail","6":"product_cat-furadeiras","7":"desktop-align-left","8":"tablet-align-left","9":"mobile-align-left","11":"first","12":"instock","13":"shipping-taxable","14":"product-type-simple"},"aioseo_notices":[],"_links":{"self":[{"href":"https:\/\/prolight.com.br\/es\/wp-json\/wp\/v2\/product\/1547","targetHints":{"allow":["GET"]}}],"collection":[{"href":"https:\/\/prolight.com.br\/es\/wp-json\/wp\/v2\/product"}],"about":[{"href":"https:\/\/prolight.com.br\/es\/wp-json\/wp\/v2\/types\/product"}],"wp:featuredmedia":[{"embeddable":true,"href":"https:\/\/prolight.com.br\/es\/wp-json\/wp\/v2\/media\/911"}],"wp:attachment":[{"href":"https:\/\/prolight.com.br\/es\/wp-json\/wp\/v2\/media?parent=1547"}],"wp:term":[{"taxonomy":"product_brand","embeddable":true,"href":"https:\/\/prolight.com.br\/es\/wp-json\/wp\/v2\/product_brand?post=1547"},{"taxonomy":"product_cat","embeddable":true,"href":"https:\/\/prolight.com.br\/es\/wp-json\/wp\/v2\/product_cat?post=1547"},{"taxonomy":"product_tag","embeddable":true,"href":"https:\/\/prolight.com.br\/es\/wp-json\/wp\/v2\/product_tag?post=1547"}],"curies":[{"name":"wp","href":"https:\/\/api.w.org\/{rel}","templated":true}]}}