{"id":1551,"date":"2025-03-29T14:48:38","date_gmt":"2025-03-29T14:48:38","guid":{"rendered":"https:\/\/prolight.com.br\/es\/?post_type=product&#038;p=1551"},"modified":"2025-03-29T14:48:39","modified_gmt":"2025-03-29T14:48:39","slug":"martelo-rompedor-5kg","status":"publish","type":"product","link":"https:\/\/prolight.com.br\/es\/produto\/martelo-rompedor-5kg\/","title":{"rendered":"Martelo Rompedor 5kg"},"content":{"rendered":"<p>O Martelo Rompedor Bosch GSH 5 CE de 5Kg possui potente motor de 1.150W e sistema de impacto aprimorado para mais energia de golpes, com melhor performance da ferramenta.Traz sistema de troca r\u00e1pida de ponteiros e talhadeiras SDS-Max, sistema de ajuste do cinzel e talhadeira em at\u00e9 12 posi\u00e7\u00f5es, para mais conforto durante a aplica\u00e7\u00e3o. Ideal para profissionais de constru\u00e7\u00e3o civil, empreiteiros, instaladores em geral, entre outros.<br \/>\nDados adicionais:<br \/>\nPot\u00eancia nominal absorvida 1.150 W<br \/>\nEnergia de impacto 2 &#8211; 8,3 J<br \/>\nDimens\u00f5es da ferramenta (comprimento) 480 mm<br \/>\nN\u00famero m\u00e1x. de impactos 1.300 \u2013 2.900 i.p.m.<br \/>\nPeso 6,2 kg<br \/>\nDimens\u00f5es da ferramenta (largura) 105 mm<br \/>\nDimens\u00f5es da ferramenta (altura) 235 mm<br \/>\nSuporte da ferramenta SDS max<\/p>\n","protected":false},"excerpt":{"rendered":"<p>O Martelo Rompedor Bosch GSH 5 CE de 5Kg possui potente motor de 1.150W e sistema de impacto aprimorado para [&hellip;]<\/p>\n","protected":false},"featured_media":931,"template":"","meta":{"site-sidebar-layout":"default","site-content-layout":"","ast-site-content-layout":"default","site-content-style":"default","site-sidebar-style":"default","ast-global-header-display":"","ast-banner-title-visibility":"","ast-main-header-display":"","ast-hfb-above-header-display":"","ast-hfb-below-header-display":"","ast-hfb-mobile-header-display":"","site-post-title":"","ast-breadcrumbs-content":"","ast-featured-img":"","footer-sml-layout":"","ast-disable-related-posts":"","theme-transparent-header-meta":"","adv-header-id-meta":"","stick-header-meta":"","header-above-stick-meta":"","header-main-stick-meta":"","header-below-stick-meta":"","astra-migrate-meta-layouts":"default","ast-page-background-enabled":"default","ast-page-background-meta":{"desktop":{"background-color":"var(--ast-global-color-5)","background-image":"","background-repeat":"repeat","background-position":"center center","background-size":"auto","background-attachment":"scroll","background-type":"","background-media":"","overlay-type":"","overlay-color":"","overlay-opacity":"","overlay-gradient":""},"tablet":{"background-color":"","background-image":"","background-repeat":"repeat","background-position":"center center","background-size":"auto","background-attachment":"scroll","background-type":"","background-media":"","overlay-type":"","overlay-color":"","overlay-opacity":"","overlay-gradient":""},"mobile":{"background-color":"","background-image":"","background-repeat":"repeat","background-position":"center center","background-size":"auto","background-attachment":"scroll","background-type":"","background-media":"","overlay-type":"","overlay-color":"","overlay-opacity":"","overlay-gradient":""}},"ast-content-background-meta":{"desktop":{"background-color":"var(--ast-global-color-4)","background-image":"","background-repeat":"repeat","background-position":"center center","background-size":"auto","background-attachment":"scroll","background-type":"","background-media":"","overlay-type":"","overlay-color":"","overlay-opacity":"","overlay-gradient":""},"tablet":{"background-color":"var(--ast-global-color-4)","background-image":"","background-repeat":"repeat","background-position":"center center","background-size":"auto","background-attachment":"scroll","background-type":"","background-media":"","overlay-type":"","overlay-color":"","overlay-opacity":"","overlay-gradient":""},"mobile":{"background-color":"var(--ast-global-color-4)","background-image":"","background-repeat":"repeat","background-position":"center center","background-size":"auto","background-attachment":"scroll","background-type":"","background-media":"","overlay-type":"","overlay-color":"","overlay-opacity":"","overlay-gradient":""}}},"product_brand":[],"product_cat":[53],"product_tag":[],"class_list":{"0":"post-1551","1":"product","2":"type-product","3":"status-publish","4":"has-post-thumbnail","6":"product_cat-marteletes","7":"desktop-align-left","8":"tablet-align-left","9":"mobile-align-left","11":"first","12":"instock","13":"shipping-taxable","14":"product-type-simple"},"aioseo_notices":[],"_links":{"self":[{"href":"https:\/\/prolight.com.br\/es\/wp-json\/wp\/v2\/product\/1551","targetHints":{"allow":["GET"]}}],"collection":[{"href":"https:\/\/prolight.com.br\/es\/wp-json\/wp\/v2\/product"}],"about":[{"href":"https:\/\/prolight.com.br\/es\/wp-json\/wp\/v2\/types\/product"}],"wp:featuredmedia":[{"embeddable":true,"href":"https:\/\/prolight.com.br\/es\/wp-json\/wp\/v2\/media\/931"}],"wp:attachment":[{"href":"https:\/\/prolight.com.br\/es\/wp-json\/wp\/v2\/media?parent=1551"}],"wp:term":[{"taxonomy":"product_brand","embeddable":true,"href":"https:\/\/prolight.com.br\/es\/wp-json\/wp\/v2\/product_brand?post=1551"},{"taxonomy":"product_cat","embeddable":true,"href":"https:\/\/prolight.com.br\/es\/wp-json\/wp\/v2\/product_cat?post=1551"},{"taxonomy":"product_tag","embeddable":true,"href":"https:\/\/prolight.com.br\/es\/wp-json\/wp\/v2\/product_tag?post=1551"}],"curies":[{"name":"wp","href":"https:\/\/api.w.org\/{rel}","templated":true}]}}