{"id":1562,"date":"2025-03-29T14:48:38","date_gmt":"2025-03-29T14:48:38","guid":{"rendered":"https:\/\/prolight.com.br\/es\/?post_type=product&#038;p=1562"},"modified":"2025-03-29T14:48:39","modified_gmt":"2025-03-29T14:48:39","slug":"jogo-de-rodizio","status":"publish","type":"product","link":"https:\/\/prolight.com.br\/es\/produto\/jogo-de-rodizio\/","title":{"rendered":"Jogo de Rod\u00edzio"},"content":{"rendered":"<p>Descri\u00e7\u00e3o do Produto<br \/>\nRod\u00edzio para utiliza\u00e7\u00e3o em andaimes suporta at\u00e9 225 kg, s\u00e3o utilizados para facilitar o deslocamento de torres de andaime. Possui excelente sistema de freio atendendo as exig\u00eancias normativas, com n\u00facleo de ferro fundido e garantindo a seguran\u00e7a do usu\u00e1rio.<\/p>\n<p>&#8211; Especifica\u00e7\u00f5es T\u00e9cnicas:<\/p>\n<p>:: Di\u00e2metro roda: 6 Pol.<br \/>\n:: Largura roda: 2 mm<br \/>\n:: Tamanho da base: 120 mm<br \/>\n:: Altura: 186 mm<br \/>\n:: Haste: 140mm<br \/>\n:: Rolamento: 3\/4 <\/p>\n","protected":false},"excerpt":{"rendered":"<p>Descri\u00e7\u00e3o do Produto Rod\u00edzio para utiliza\u00e7\u00e3o em andaimes suporta at\u00e9 225 kg, s\u00e3o utilizados para facilitar o deslocamento de torres [&hellip;]<\/p>\n","protected":false},"featured_media":942,"template":"","meta":{"site-sidebar-layout":"default","site-content-layout":"","ast-site-content-layout":"default","site-content-style":"default","site-sidebar-style":"default","ast-global-header-display":"","ast-banner-title-visibility":"","ast-main-header-display":"","ast-hfb-above-header-display":"","ast-hfb-below-header-display":"","ast-hfb-mobile-header-display":"","site-post-title":"","ast-breadcrumbs-content":"","ast-featured-img":"","footer-sml-layout":"","ast-disable-related-posts":"","theme-transparent-header-meta":"","adv-header-id-meta":"","stick-header-meta":"","header-above-stick-meta":"","header-main-stick-meta":"","header-below-stick-meta":"","astra-migrate-meta-layouts":"default","ast-page-background-enabled":"default","ast-page-background-meta":{"desktop":{"background-color":"var(--ast-global-color-5)","background-image":"","background-repeat":"repeat","background-position":"center center","background-size":"auto","background-attachment":"scroll","background-type":"","background-media":"","overlay-type":"","overlay-color":"","overlay-opacity":"","overlay-gradient":""},"tablet":{"background-color":"","background-image":"","background-repeat":"repeat","background-position":"center center","background-size":"auto","background-attachment":"scroll","background-type":"","background-media":"","overlay-type":"","overlay-color":"","overlay-opacity":"","overlay-gradient":""},"mobile":{"background-color":"","background-image":"","background-repeat":"repeat","background-position":"center center","background-size":"auto","background-attachment":"scroll","background-type":"","background-media":"","overlay-type":"","overlay-color":"","overlay-opacity":"","overlay-gradient":""}},"ast-content-background-meta":{"desktop":{"background-color":"var(--ast-global-color-4)","background-image":"","background-repeat":"repeat","background-position":"center center","background-size":"auto","background-attachment":"scroll","background-type":"","background-media":"","overlay-type":"","overlay-color":"","overlay-opacity":"","overlay-gradient":""},"tablet":{"background-color":"var(--ast-global-color-4)","background-image":"","background-repeat":"repeat","background-position":"center center","background-size":"auto","background-attachment":"scroll","background-type":"","background-media":"","overlay-type":"","overlay-color":"","overlay-opacity":"","overlay-gradient":""},"mobile":{"background-color":"var(--ast-global-color-4)","background-image":"","background-repeat":"repeat","background-position":"center center","background-size":"auto","background-attachment":"scroll","background-type":"","background-media":"","overlay-type":"","overlay-color":"","overlay-opacity":"","overlay-gradient":""}}},"product_brand":[],"product_cat":[63],"product_tag":[],"class_list":{"0":"post-1562","1":"product","2":"type-product","3":"status-publish","4":"has-post-thumbnail","6":"product_cat-andaimes","7":"desktop-align-left","8":"tablet-align-left","9":"mobile-align-left","11":"first","12":"instock","13":"shipping-taxable","14":"product-type-simple"},"aioseo_notices":[],"_links":{"self":[{"href":"https:\/\/prolight.com.br\/es\/wp-json\/wp\/v2\/product\/1562","targetHints":{"allow":["GET"]}}],"collection":[{"href":"https:\/\/prolight.com.br\/es\/wp-json\/wp\/v2\/product"}],"about":[{"href":"https:\/\/prolight.com.br\/es\/wp-json\/wp\/v2\/types\/product"}],"wp:featuredmedia":[{"embeddable":true,"href":"https:\/\/prolight.com.br\/es\/wp-json\/wp\/v2\/media\/942"}],"wp:attachment":[{"href":"https:\/\/prolight.com.br\/es\/wp-json\/wp\/v2\/media?parent=1562"}],"wp:term":[{"taxonomy":"product_brand","embeddable":true,"href":"https:\/\/prolight.com.br\/es\/wp-json\/wp\/v2\/product_brand?post=1562"},{"taxonomy":"product_cat","embeddable":true,"href":"https:\/\/prolight.com.br\/es\/wp-json\/wp\/v2\/product_cat?post=1562"},{"taxonomy":"product_tag","embeddable":true,"href":"https:\/\/prolight.com.br\/es\/wp-json\/wp\/v2\/product_tag?post=1562"}],"curies":[{"name":"wp","href":"https:\/\/api.w.org\/{rel}","templated":true}]}}