{"id":1567,"date":"2025-03-29T14:48:38","date_gmt":"2025-03-29T14:48:38","guid":{"rendered":"https:\/\/prolight.com.br\/es\/?post_type=product&#038;p=1567"},"modified":"2025-08-25T19:19:29","modified_gmt":"2025-08-25T19:19:29","slug":"vibrador-de-imersao","status":"publish","type":"product","link":"https:\/\/prolight.com.br\/es\/produto\/vibrador-de-imersao\/","title":{"rendered":"Vibrador de Imers\u00e3o"},"content":{"rendered":"","protected":false},"excerpt":{"rendered":"<p>Equipamento pr\u00e1tico, bem constru\u00eddos e de f\u00e1cil utiliza\u00e7\u00e3o os vibradores de concreto de 32mm, 38mm, 45mm, 50mm e 60mm s\u00e3o ideais para a garantia da rigidez da mistura na edifica\u00e7\u00e3o ou em pe\u00e7as pr\u00e9-moldadas de concreto. Comprimento : 4m<\/p>\n","protected":false},"featured_media":947,"template":"","meta":{"site-sidebar-layout":"default","site-content-layout":"","ast-site-content-layout":"default","site-content-style":"default","site-sidebar-style":"default","ast-global-header-display":"","ast-banner-title-visibility":"","ast-main-header-display":"","ast-hfb-above-header-display":"","ast-hfb-below-header-display":"","ast-hfb-mobile-header-display":"","site-post-title":"","ast-breadcrumbs-content":"","ast-featured-img":"","footer-sml-layout":"","ast-disable-related-posts":"","theme-transparent-header-meta":"default","adv-header-id-meta":"","stick-header-meta":"","header-above-stick-meta":"","header-main-stick-meta":"","header-below-stick-meta":"","astra-migrate-meta-layouts":"set","ast-page-background-enabled":"default","ast-page-background-meta":{"desktop":{"background-color":"var(--ast-global-color-5)","background-image":"","background-repeat":"repeat","background-position":"center center","background-size":"auto","background-attachment":"scroll","background-type":"","background-media":"","overlay-type":"","overlay-color":"","overlay-opacity":"","overlay-gradient":""},"tablet":{"background-color":"","background-image":"","background-repeat":"repeat","background-position":"center center","background-size":"auto","background-attachment":"scroll","background-type":"","background-media":"","overlay-type":"","overlay-color":"","overlay-opacity":"","overlay-gradient":""},"mobile":{"background-color":"","background-image":"","background-repeat":"repeat","background-position":"center center","background-size":"auto","background-attachment":"scroll","background-type":"","background-media":"","overlay-type":"","overlay-color":"","overlay-opacity":"","overlay-gradient":""}},"ast-content-background-meta":{"desktop":{"background-color":"var(--ast-global-color-4)","background-image":"","background-repeat":"repeat","background-position":"center center","background-size":"auto","background-attachment":"scroll","background-type":"","background-media":"","overlay-type":"","overlay-color":"","overlay-opacity":"","overlay-gradient":""},"tablet":{"background-color":"var(--ast-global-color-4)","background-image":"","background-repeat":"repeat","background-position":"center center","background-size":"auto","background-attachment":"scroll","background-type":"","background-media":"","overlay-type":"","overlay-color":"","overlay-opacity":"","overlay-gradient":""},"mobile":{"background-color":"var(--ast-global-color-4)","background-image":"","background-repeat":"repeat","background-position":"center center","background-size":"auto","background-attachment":"scroll","background-type":"","background-media":"","overlay-type":"","overlay-color":"","overlay-opacity":"","overlay-gradient":""}}},"product_brand":[],"product_cat":[61],"product_tag":[],"class_list":{"0":"post-1567","1":"product","2":"type-product","3":"status-publish","4":"has-post-thumbnail","6":"product_cat-concretagem","7":"desktop-align-left","8":"tablet-align-left","9":"mobile-align-left","11":"first","12":"instock","13":"shipping-taxable","14":"product-type-simple"},"aioseo_notices":[],"_links":{"self":[{"href":"https:\/\/prolight.com.br\/es\/wp-json\/wp\/v2\/product\/1567","targetHints":{"allow":["GET"]}}],"collection":[{"href":"https:\/\/prolight.com.br\/es\/wp-json\/wp\/v2\/product"}],"about":[{"href":"https:\/\/prolight.com.br\/es\/wp-json\/wp\/v2\/types\/product"}],"wp:featuredmedia":[{"embeddable":true,"href":"https:\/\/prolight.com.br\/es\/wp-json\/wp\/v2\/media\/947"}],"wp:attachment":[{"href":"https:\/\/prolight.com.br\/es\/wp-json\/wp\/v2\/media?parent=1567"}],"wp:term":[{"taxonomy":"product_brand","embeddable":true,"href":"https:\/\/prolight.com.br\/es\/wp-json\/wp\/v2\/product_brand?post=1567"},{"taxonomy":"product_cat","embeddable":true,"href":"https:\/\/prolight.com.br\/es\/wp-json\/wp\/v2\/product_cat?post=1567"},{"taxonomy":"product_tag","embeddable":true,"href":"https:\/\/prolight.com.br\/es\/wp-json\/wp\/v2\/product_tag?post=1567"}],"curies":[{"name":"wp","href":"https:\/\/api.w.org\/{rel}","templated":true}]}}