{"id":1570,"date":"2025-03-29T14:48:39","date_gmt":"2025-03-29T14:48:39","guid":{"rendered":"https:\/\/prolight.com.br\/es\/?post_type=product&#038;p=1570"},"modified":"2025-08-25T19:16:29","modified_gmt":"2025-08-25T19:16:29","slug":"lavadora-de-alta-pressao","status":"publish","type":"product","link":"https:\/\/prolight.com.br\/es\/produto\/lavadora-de-alta-pressao\/","title":{"rendered":"Lavadora de alta press\u00e3o"},"content":{"rendered":"","protected":false},"excerpt":{"rendered":"<p>A Lavadora de Alta Press\u00e3o Krcher \u00e9 ideal para aplica\u00e7\u00f5es profissional.Este modelo conta com uma vaz\u00e3o de 600 l\/h, press\u00e3o de at\u00e9 150 bar (2.175 lbs) e 3.300watts de pot\u00eancia. Al\u00e9m disso, possui design compacto e robusto, super f\u00e1cil de transportar devido as rodas grandes. Press\u00e3o: 2175 &#8211; 150 PSI<br \/>\nVaz\u00e3o de \u00e1gua: 600 l\/h<br \/>\nChassi: A\u00e7o Tubular<br \/>\nAplica\u00e7\u00e3o: Profissional Leve<br \/>\nVoltagem: 220 Volts<br \/>\nPot\u00eancia: 3,3 kW<br \/>\nItens Inclusos<br \/>\n01 Lavadora<br \/>\n01 Tubeira Inox Girat\u00f3ria 60 cm<br \/>\n01 Pistola de Alta press\u00e3o<br \/>\n01 Bico Legue 25<br \/>\nDimens\u00f5es<br \/>\nTamanho (AxLxP): 42 x 39 x 79 cm<br \/>\nPeso: 32 Kg<\/p>\n","protected":false},"featured_media":968,"template":"","meta":{"site-sidebar-layout":"default","site-content-layout":"","ast-site-content-layout":"default","site-content-style":"default","site-sidebar-style":"default","ast-global-header-display":"","ast-banner-title-visibility":"","ast-main-header-display":"","ast-hfb-above-header-display":"","ast-hfb-below-header-display":"","ast-hfb-mobile-header-display":"","site-post-title":"","ast-breadcrumbs-content":"","ast-featured-img":"","footer-sml-layout":"","ast-disable-related-posts":"","theme-transparent-header-meta":"default","adv-header-id-meta":"","stick-header-meta":"","header-above-stick-meta":"","header-main-stick-meta":"","header-below-stick-meta":"","astra-migrate-meta-layouts":"set","ast-page-background-enabled":"default","ast-page-background-meta":{"desktop":{"background-color":"var(--ast-global-color-5)","background-image":"","background-repeat":"repeat","background-position":"center center","background-size":"auto","background-attachment":"scroll","background-type":"","background-media":"","overlay-type":"","overlay-color":"","overlay-opacity":"","overlay-gradient":""},"tablet":{"background-color":"","background-image":"","background-repeat":"repeat","background-position":"center center","background-size":"auto","background-attachment":"scroll","background-type":"","background-media":"","overlay-type":"","overlay-color":"","overlay-opacity":"","overlay-gradient":""},"mobile":{"background-color":"","background-image":"","background-repeat":"repeat","background-position":"center center","background-size":"auto","background-attachment":"scroll","background-type":"","background-media":"","overlay-type":"","overlay-color":"","overlay-opacity":"","overlay-gradient":""}},"ast-content-background-meta":{"desktop":{"background-color":"var(--ast-global-color-4)","background-image":"","background-repeat":"repeat","background-position":"center center","background-size":"auto","background-attachment":"scroll","background-type":"","background-media":"","overlay-type":"","overlay-color":"","overlay-opacity":"","overlay-gradient":""},"tablet":{"background-color":"var(--ast-global-color-4)","background-image":"","background-repeat":"repeat","background-position":"center center","background-size":"auto","background-attachment":"scroll","background-type":"","background-media":"","overlay-type":"","overlay-color":"","overlay-opacity":"","overlay-gradient":""},"mobile":{"background-color":"var(--ast-global-color-4)","background-image":"","background-repeat":"repeat","background-position":"center center","background-size":"auto","background-attachment":"scroll","background-type":"","background-media":"","overlay-type":"","overlay-color":"","overlay-opacity":"","overlay-gradient":""}}},"product_brand":[],"product_cat":[65],"product_tag":[],"class_list":{"0":"post-1570","1":"product","2":"type-product","3":"status-publish","4":"has-post-thumbnail","6":"product_cat-limpeza","7":"desktop-align-left","8":"tablet-align-left","9":"mobile-align-left","11":"first","12":"instock","13":"shipping-taxable","14":"product-type-simple"},"aioseo_notices":[],"_links":{"self":[{"href":"https:\/\/prolight.com.br\/es\/wp-json\/wp\/v2\/product\/1570","targetHints":{"allow":["GET"]}}],"collection":[{"href":"https:\/\/prolight.com.br\/es\/wp-json\/wp\/v2\/product"}],"about":[{"href":"https:\/\/prolight.com.br\/es\/wp-json\/wp\/v2\/types\/product"}],"wp:featuredmedia":[{"embeddable":true,"href":"https:\/\/prolight.com.br\/es\/wp-json\/wp\/v2\/media\/968"}],"wp:attachment":[{"href":"https:\/\/prolight.com.br\/es\/wp-json\/wp\/v2\/media?parent=1570"}],"wp:term":[{"taxonomy":"product_brand","embeddable":true,"href":"https:\/\/prolight.com.br\/es\/wp-json\/wp\/v2\/product_brand?post=1570"},{"taxonomy":"product_cat","embeddable":true,"href":"https:\/\/prolight.com.br\/es\/wp-json\/wp\/v2\/product_cat?post=1570"},{"taxonomy":"product_tag","embeddable":true,"href":"https:\/\/prolight.com.br\/es\/wp-json\/wp\/v2\/product_tag?post=1570"}],"curies":[{"name":"wp","href":"https:\/\/api.w.org\/{rel}","templated":true}]}}