{"id":1577,"date":"2025-03-29T14:48:39","date_gmt":"2025-03-29T14:48:39","guid":{"rendered":"https:\/\/prolight.com.br\/es\/?post_type=product&#038;p=1577"},"modified":"2025-08-25T19:17:41","modified_gmt":"2025-08-25T19:17:41","slug":"parafusadeira","status":"publish","type":"product","link":"https:\/\/prolight.com.br\/es\/produto\/parafusadeira\/","title":{"rendered":"Parafusadeira"},"content":{"rendered":"","protected":false},"excerpt":{"rendered":"<p>Oferece m\u00e1xima performance com o melhor custo-benef\u00edcio do mercado. Bateria inteligente n\u00e3o sobreaquece devido a tecnologia ECP que protege eletronicamente suas c\u00e9lulas. Maior torque nessa categoria de mercado com 54 Nm para maior produtividade.<br \/>\nFerramenta 100% Compat\u00edvel com Baterias e Carregadores 18V Bosch. Voltagem da bateria 18 V<br \/>\nTipo de bateria L\u00edtio<br \/>\nN\u00ba de rota\u00e7\u00f5es em vazio (1\u00aa velocidade \/2\u00aa velocidade) 0 \u2013 500 \/ 0 \u2013 1.900 r.p.m.<br \/>\nAmplitude de aperto, min.\/m\u00e1x. 1,5 \/ 13 mm<br \/>\nConfigura\u00e7\u00f5es de Torque 20+1<br \/>\nTorque (suave\/duro\/m\u00e1x.) 21\/54\/- Nm<br \/>\nDi\u00e2metro de perfura\u00e7\u00e3o:<br \/>\n\u00d8 m\u00e1x. de perfura\u00e7\u00e3o em madeira 35 mm<br \/>\n\u00d8 m\u00e1x. de perfura\u00e7\u00e3o em a\u00e7o 10 mm<br \/>\n\u00d8 m\u00e1ximo do parafuso 10 mm<\/p>\n","protected":false},"featured_media":975,"template":"","meta":{"site-sidebar-layout":"default","site-content-layout":"","ast-site-content-layout":"default","site-content-style":"default","site-sidebar-style":"default","ast-global-header-display":"","ast-banner-title-visibility":"","ast-main-header-display":"","ast-hfb-above-header-display":"","ast-hfb-below-header-display":"","ast-hfb-mobile-header-display":"","site-post-title":"","ast-breadcrumbs-content":"","ast-featured-img":"","footer-sml-layout":"","ast-disable-related-posts":"","theme-transparent-header-meta":"default","adv-header-id-meta":"","stick-header-meta":"","header-above-stick-meta":"","header-main-stick-meta":"","header-below-stick-meta":"","astra-migrate-meta-layouts":"set","ast-page-background-enabled":"default","ast-page-background-meta":{"desktop":{"background-color":"var(--ast-global-color-5)","background-image":"","background-repeat":"repeat","background-position":"center center","background-size":"auto","background-attachment":"scroll","background-type":"","background-media":"","overlay-type":"","overlay-color":"","overlay-opacity":"","overlay-gradient":""},"tablet":{"background-color":"","background-image":"","background-repeat":"repeat","background-position":"center center","background-size":"auto","background-attachment":"scroll","background-type":"","background-media":"","overlay-type":"","overlay-color":"","overlay-opacity":"","overlay-gradient":""},"mobile":{"background-color":"","background-image":"","background-repeat":"repeat","background-position":"center center","background-size":"auto","background-attachment":"scroll","background-type":"","background-media":"","overlay-type":"","overlay-color":"","overlay-opacity":"","overlay-gradient":""}},"ast-content-background-meta":{"desktop":{"background-color":"var(--ast-global-color-4)","background-image":"","background-repeat":"repeat","background-position":"center center","background-size":"auto","background-attachment":"scroll","background-type":"","background-media":"","overlay-type":"","overlay-color":"","overlay-opacity":"","overlay-gradient":""},"tablet":{"background-color":"var(--ast-global-color-4)","background-image":"","background-repeat":"repeat","background-position":"center center","background-size":"auto","background-attachment":"scroll","background-type":"","background-media":"","overlay-type":"","overlay-color":"","overlay-opacity":"","overlay-gradient":""},"mobile":{"background-color":"var(--ast-global-color-4)","background-image":"","background-repeat":"repeat","background-position":"center center","background-size":"auto","background-attachment":"scroll","background-type":"","background-media":"","overlay-type":"","overlay-color":"","overlay-opacity":"","overlay-gradient":""}}},"product_brand":[],"product_cat":[68],"product_tag":[],"class_list":{"0":"post-1577","1":"product","2":"type-product","3":"status-publish","4":"has-post-thumbnail","6":"product_cat-parafusadeira","7":"desktop-align-left","8":"tablet-align-left","9":"mobile-align-left","11":"first","12":"instock","13":"shipping-taxable","14":"product-type-simple"},"aioseo_notices":[],"_links":{"self":[{"href":"https:\/\/prolight.com.br\/es\/wp-json\/wp\/v2\/product\/1577","targetHints":{"allow":["GET"]}}],"collection":[{"href":"https:\/\/prolight.com.br\/es\/wp-json\/wp\/v2\/product"}],"about":[{"href":"https:\/\/prolight.com.br\/es\/wp-json\/wp\/v2\/types\/product"}],"wp:featuredmedia":[{"embeddable":true,"href":"https:\/\/prolight.com.br\/es\/wp-json\/wp\/v2\/media\/975"}],"wp:attachment":[{"href":"https:\/\/prolight.com.br\/es\/wp-json\/wp\/v2\/media?parent=1577"}],"wp:term":[{"taxonomy":"product_brand","embeddable":true,"href":"https:\/\/prolight.com.br\/es\/wp-json\/wp\/v2\/product_brand?post=1577"},{"taxonomy":"product_cat","embeddable":true,"href":"https:\/\/prolight.com.br\/es\/wp-json\/wp\/v2\/product_cat?post=1577"},{"taxonomy":"product_tag","embeddable":true,"href":"https:\/\/prolight.com.br\/es\/wp-json\/wp\/v2\/product_tag?post=1577"}],"curies":[{"name":"wp","href":"https:\/\/api.w.org\/{rel}","templated":true}]}}