{"id":1582,"date":"2025-03-29T14:48:40","date_gmt":"2025-03-29T14:48:40","guid":{"rendered":"https:\/\/prolight.com.br\/es\/?post_type=product&#038;p=1582"},"modified":"2025-08-25T19:10:51","modified_gmt":"2025-08-25T19:10:51","slug":"lixadeira-orbital","status":"publish","type":"product","link":"https:\/\/prolight.com.br\/es\/produto\/lixadeira-orbital\/","title":{"rendered":"Lixadeira Orbital"},"content":{"rendered":"","protected":false},"excerpt":{"rendered":"<p>A Lixadeira Exc\u00eantrica Bosch GEX 125-1 AE possui formato ergon\u00f4mico que facilita o uso em qualquer aplica\u00e7\u00e3o, al\u00e9m de ter controle eletr\u00f4nico de velocidade, microfiltro que mant\u00e9m o ambiente limpo e fixa\u00e7\u00e3o r\u00e1pida e f\u00e1cil da lixa. Recomendada para uso industrial. Trabalho intenso. Di\u00e2metro do prato de lixar 125 mm<br \/>\nPot\u00eancia nominal absorvida 250 W<br \/>\nDi\u00e2metro do c\u00edrculo de oscila\u00e7\u00e3o 2,5 mm<br \/>\nN\u00ba de rota\u00e7\u00f5es em vazio 7.500 \u2013 12.000 r.p.m.<br \/>\nN\u00ba de oscila\u00e7\u00f5es 15.000 \u2013 24.000 o.p.m.<br \/>\nExcentricidade 1,25 mm<br \/>\nFixa\u00e7\u00e3o da folha de lixa\/disco abrasivo Fixa\u00e7\u00e3o autoaderente<br \/>\nPeso 1,3 kg<br \/>\nDimens\u00f5es da ferramenta (largura) 122 mm<br \/>\nDimens\u00f5es da ferramenta (comprimento) 227 mm<br \/>\nDimens\u00f5es da ferramenta (altura) 150 mm<\/p>\n","protected":false},"featured_media":980,"template":"","meta":{"site-sidebar-layout":"default","site-content-layout":"","ast-site-content-layout":"default","site-content-style":"default","site-sidebar-style":"default","ast-global-header-display":"","ast-banner-title-visibility":"","ast-main-header-display":"","ast-hfb-above-header-display":"","ast-hfb-below-header-display":"","ast-hfb-mobile-header-display":"","site-post-title":"","ast-breadcrumbs-content":"","ast-featured-img":"","footer-sml-layout":"","ast-disable-related-posts":"","theme-transparent-header-meta":"default","adv-header-id-meta":"","stick-header-meta":"","header-above-stick-meta":"","header-main-stick-meta":"","header-below-stick-meta":"","astra-migrate-meta-layouts":"set","ast-page-background-enabled":"default","ast-page-background-meta":{"desktop":{"background-color":"var(--ast-global-color-5)","background-image":"","background-repeat":"repeat","background-position":"center center","background-size":"auto","background-attachment":"scroll","background-type":"","background-media":"","overlay-type":"","overlay-color":"","overlay-opacity":"","overlay-gradient":""},"tablet":{"background-color":"","background-image":"","background-repeat":"repeat","background-position":"center center","background-size":"auto","background-attachment":"scroll","background-type":"","background-media":"","overlay-type":"","overlay-color":"","overlay-opacity":"","overlay-gradient":""},"mobile":{"background-color":"","background-image":"","background-repeat":"repeat","background-position":"center center","background-size":"auto","background-attachment":"scroll","background-type":"","background-media":"","overlay-type":"","overlay-color":"","overlay-opacity":"","overlay-gradient":""}},"ast-content-background-meta":{"desktop":{"background-color":"var(--ast-global-color-4)","background-image":"","background-repeat":"repeat","background-position":"center center","background-size":"auto","background-attachment":"scroll","background-type":"","background-media":"","overlay-type":"","overlay-color":"","overlay-opacity":"","overlay-gradient":""},"tablet":{"background-color":"var(--ast-global-color-4)","background-image":"","background-repeat":"repeat","background-position":"center center","background-size":"auto","background-attachment":"scroll","background-type":"","background-media":"","overlay-type":"","overlay-color":"","overlay-opacity":"","overlay-gradient":""},"mobile":{"background-color":"var(--ast-global-color-4)","background-image":"","background-repeat":"repeat","background-position":"center center","background-size":"auto","background-attachment":"scroll","background-type":"","background-media":"","overlay-type":"","overlay-color":"","overlay-opacity":"","overlay-gradient":""}}},"product_brand":[],"product_cat":[67],"product_tag":[],"class_list":{"0":"post-1582","1":"product","2":"type-product","3":"status-publish","4":"has-post-thumbnail","6":"product_cat-lixadeiras-e-plainas","7":"desktop-align-left","8":"tablet-align-left","9":"mobile-align-left","11":"first","12":"instock","13":"shipping-taxable","14":"product-type-simple"},"aioseo_notices":[],"_links":{"self":[{"href":"https:\/\/prolight.com.br\/es\/wp-json\/wp\/v2\/product\/1582","targetHints":{"allow":["GET"]}}],"collection":[{"href":"https:\/\/prolight.com.br\/es\/wp-json\/wp\/v2\/product"}],"about":[{"href":"https:\/\/prolight.com.br\/es\/wp-json\/wp\/v2\/types\/product"}],"wp:featuredmedia":[{"embeddable":true,"href":"https:\/\/prolight.com.br\/es\/wp-json\/wp\/v2\/media\/980"}],"wp:attachment":[{"href":"https:\/\/prolight.com.br\/es\/wp-json\/wp\/v2\/media?parent=1582"}],"wp:term":[{"taxonomy":"product_brand","embeddable":true,"href":"https:\/\/prolight.com.br\/es\/wp-json\/wp\/v2\/product_brand?post=1582"},{"taxonomy":"product_cat","embeddable":true,"href":"https:\/\/prolight.com.br\/es\/wp-json\/wp\/v2\/product_cat?post=1582"},{"taxonomy":"product_tag","embeddable":true,"href":"https:\/\/prolight.com.br\/es\/wp-json\/wp\/v2\/product_tag?post=1582"}],"curies":[{"name":"wp","href":"https:\/\/api.w.org\/{rel}","templated":true}]}}