{"id":1585,"date":"2025-03-29T14:48:40","date_gmt":"2025-03-29T14:48:40","guid":{"rendered":"https:\/\/prolight.com.br\/es\/?post_type=product&#038;p=1585"},"modified":"2025-08-25T19:12:44","modified_gmt":"2025-08-25T19:12:44","slug":"placa-leve","status":"publish","type":"product","link":"https:\/\/prolight.com.br\/es\/produto\/placa-leve\/","title":{"rendered":"Placa leve"},"content":{"rendered":"","protected":false},"excerpt":{"rendered":"<p>Por ser um equipamento robusto, constru\u00eddo com carca\u00e7a resistente e rolamentos de alta precis\u00e3o, tamb\u00e9m chamada de Placa Compactadora de Solo, \u00e9 um equipamento indicado para a compacta\u00e7\u00e3o dos seguintes terrenos e materiais:<br \/>\nSolos Arenosos;<br \/>\nAreia;<br \/>\nCascalho;<br \/>\nBritas;<br \/>\nBases e sub-bases. Pot\u00eancia do Motor \/ Refrigera\u00e7\u00e3o: 5.5 HP \/ AR<br \/>\nFrequ\u00eancia 5600 VPM (93,3 Hz)<br \/>\nCombust\u00edvel Gasolina Comum<br \/>\nDimens\u00f5es totais C x L x A 1020 x 460 x 910 mm<br \/>\nDimens\u00e3o da base 450 x 509 mm<br \/>\nPeso 83 Kg<br \/>\nPeso operacional 95 Kg<br \/>\nVelocidade de trabalho 27 m \/ min<br \/>\nFor\u00e7a centr\u00edfuga 1800 kgf<br \/>\nRendimento at\u00e9 627 m\u00b2\/h<br \/>\nSubida em rampa at\u00e9 30%<br \/>\nTransmiss\u00e3o inicial Embreagem Centr\u00edfuga<br \/>\nCapacidade do tanque de combust\u00edvel 3,6 Litros<br \/>\nConsumo m\u00e9dio de combust\u00edvel 1,4 l\/h<br \/>\n\u00d3leo do Motor \/ Capacidade SAE 10W \u2013 30 \/ 500 ml<br \/>\nCapacidade de \u00f3leo do Mancal 150 ml<br \/>\nCapacidade do Tanque de \u00c1gua 11 Litros<\/p>\n","protected":false},"featured_media":983,"template":"","meta":{"site-sidebar-layout":"default","site-content-layout":"","ast-site-content-layout":"default","site-content-style":"default","site-sidebar-style":"default","ast-global-header-display":"","ast-banner-title-visibility":"","ast-main-header-display":"","ast-hfb-above-header-display":"","ast-hfb-below-header-display":"","ast-hfb-mobile-header-display":"","site-post-title":"","ast-breadcrumbs-content":"","ast-featured-img":"","footer-sml-layout":"","ast-disable-related-posts":"","theme-transparent-header-meta":"default","adv-header-id-meta":"","stick-header-meta":"","header-above-stick-meta":"","header-main-stick-meta":"","header-below-stick-meta":"","astra-migrate-meta-layouts":"set","ast-page-background-enabled":"default","ast-page-background-meta":{"desktop":{"background-color":"var(--ast-global-color-5)","background-image":"","background-repeat":"repeat","background-position":"center center","background-size":"auto","background-attachment":"scroll","background-type":"","background-media":"","overlay-type":"","overlay-color":"","overlay-opacity":"","overlay-gradient":""},"tablet":{"background-color":"","background-image":"","background-repeat":"repeat","background-position":"center center","background-size":"auto","background-attachment":"scroll","background-type":"","background-media":"","overlay-type":"","overlay-color":"","overlay-opacity":"","overlay-gradient":""},"mobile":{"background-color":"","background-image":"","background-repeat":"repeat","background-position":"center center","background-size":"auto","background-attachment":"scroll","background-type":"","background-media":"","overlay-type":"","overlay-color":"","overlay-opacity":"","overlay-gradient":""}},"ast-content-background-meta":{"desktop":{"background-color":"var(--ast-global-color-4)","background-image":"","background-repeat":"repeat","background-position":"center center","background-size":"auto","background-attachment":"scroll","background-type":"","background-media":"","overlay-type":"","overlay-color":"","overlay-opacity":"","overlay-gradient":""},"tablet":{"background-color":"var(--ast-global-color-4)","background-image":"","background-repeat":"repeat","background-position":"center center","background-size":"auto","background-attachment":"scroll","background-type":"","background-media":"","overlay-type":"","overlay-color":"","overlay-opacity":"","overlay-gradient":""},"mobile":{"background-color":"var(--ast-global-color-4)","background-image":"","background-repeat":"repeat","background-position":"center center","background-size":"auto","background-attachment":"scroll","background-type":"","background-media":"","overlay-type":"","overlay-color":"","overlay-opacity":"","overlay-gradient":""}}},"product_brand":[],"product_cat":[56],"product_tag":[],"class_list":{"0":"post-1585","1":"product","2":"type-product","3":"status-publish","4":"has-post-thumbnail","6":"product_cat-compactacao-de-solo","7":"desktop-align-left","8":"tablet-align-left","9":"mobile-align-left","11":"first","12":"instock","13":"shipping-taxable","14":"product-type-simple"},"aioseo_notices":[],"_links":{"self":[{"href":"https:\/\/prolight.com.br\/es\/wp-json\/wp\/v2\/product\/1585","targetHints":{"allow":["GET"]}}],"collection":[{"href":"https:\/\/prolight.com.br\/es\/wp-json\/wp\/v2\/product"}],"about":[{"href":"https:\/\/prolight.com.br\/es\/wp-json\/wp\/v2\/types\/product"}],"wp:featuredmedia":[{"embeddable":true,"href":"https:\/\/prolight.com.br\/es\/wp-json\/wp\/v2\/media\/983"}],"wp:attachment":[{"href":"https:\/\/prolight.com.br\/es\/wp-json\/wp\/v2\/media?parent=1585"}],"wp:term":[{"taxonomy":"product_brand","embeddable":true,"href":"https:\/\/prolight.com.br\/es\/wp-json\/wp\/v2\/product_brand?post=1585"},{"taxonomy":"product_cat","embeddable":true,"href":"https:\/\/prolight.com.br\/es\/wp-json\/wp\/v2\/product_cat?post=1585"},{"taxonomy":"product_tag","embeddable":true,"href":"https:\/\/prolight.com.br\/es\/wp-json\/wp\/v2\/product_tag?post=1585"}],"curies":[{"name":"wp","href":"https:\/\/api.w.org\/{rel}","templated":true}]}}