{"id":1610,"date":"2025-03-29T14:48:41","date_gmt":"2025-03-29T14:48:41","guid":{"rendered":"https:\/\/prolight.com.br\/es\/?post_type=product&#038;p=1610"},"modified":"2025-08-25T19:10:04","modified_gmt":"2025-08-25T19:10:04","slug":"lixadeira-de-parede","status":"publish","type":"product","link":"https:\/\/prolight.com.br\/es\/produto\/lixadeira-de-parede\/","title":{"rendered":"Lixadeira de Parede"},"content":{"rendered":"","protected":false},"excerpt":{"rendered":"<p>Indicada para lixamentos em paredes e tetos de alvenaria, gesso e massa corrida (n\u00e3o utilizar em paredes\/tetos de massa corrida acr\u00edlica). Utilizar apenas lixas com 8 furos que coincidam com a fura\u00e7\u00e3o da m\u00e1quina. Uso obrigat\u00f3rio da lixadeira de parede com aspirador de p\u00f3 (n\u00e3o acompanha).<br \/>\nPossui motor com dupla isola\u00e7\u00e3o, velocidade vari\u00e1vel, luz de LED para melhor ilumina\u00e7\u00e3o da \u00e1rea a ser trabalhada, aba da capa de prote\u00e7\u00e3o remov\u00edvel, facilitando o lixamento de cantos, cabe\u00e7a articulada que permite seguir os contornos da superf\u00edcie, facilitando o manuseio, e cabo dobr\u00e1vel, tornando-a mais compacta para o trasnporte Pot\u00eancia (W):600 W<br \/>\nTipo de velocidade:Vari\u00e1vel<br \/>\nRota\u00e7\u00e3o (rpm):600\/min &#8211; 1.500\/min<br \/>\nDi\u00e2metro indicado da lixa:225 mm<\/p>\n","protected":false},"featured_media":1040,"template":"","meta":{"site-sidebar-layout":"default","site-content-layout":"","ast-site-content-layout":"default","site-content-style":"default","site-sidebar-style":"default","ast-global-header-display":"","ast-banner-title-visibility":"","ast-main-header-display":"","ast-hfb-above-header-display":"","ast-hfb-below-header-display":"","ast-hfb-mobile-header-display":"","site-post-title":"","ast-breadcrumbs-content":"","ast-featured-img":"","footer-sml-layout":"","ast-disable-related-posts":"","theme-transparent-header-meta":"default","adv-header-id-meta":"","stick-header-meta":"","header-above-stick-meta":"","header-main-stick-meta":"","header-below-stick-meta":"","astra-migrate-meta-layouts":"set","ast-page-background-enabled":"default","ast-page-background-meta":{"desktop":{"background-color":"var(--ast-global-color-5)","background-image":"","background-repeat":"repeat","background-position":"center center","background-size":"auto","background-attachment":"scroll","background-type":"","background-media":"","overlay-type":"","overlay-color":"","overlay-opacity":"","overlay-gradient":""},"tablet":{"background-color":"","background-image":"","background-repeat":"repeat","background-position":"center center","background-size":"auto","background-attachment":"scroll","background-type":"","background-media":"","overlay-type":"","overlay-color":"","overlay-opacity":"","overlay-gradient":""},"mobile":{"background-color":"","background-image":"","background-repeat":"repeat","background-position":"center center","background-size":"auto","background-attachment":"scroll","background-type":"","background-media":"","overlay-type":"","overlay-color":"","overlay-opacity":"","overlay-gradient":""}},"ast-content-background-meta":{"desktop":{"background-color":"var(--ast-global-color-4)","background-image":"","background-repeat":"repeat","background-position":"center center","background-size":"auto","background-attachment":"scroll","background-type":"","background-media":"","overlay-type":"","overlay-color":"","overlay-opacity":"","overlay-gradient":""},"tablet":{"background-color":"var(--ast-global-color-4)","background-image":"","background-repeat":"repeat","background-position":"center center","background-size":"auto","background-attachment":"scroll","background-type":"","background-media":"","overlay-type":"","overlay-color":"","overlay-opacity":"","overlay-gradient":""},"mobile":{"background-color":"var(--ast-global-color-4)","background-image":"","background-repeat":"repeat","background-position":"center center","background-size":"auto","background-attachment":"scroll","background-type":"","background-media":"","overlay-type":"","overlay-color":"","overlay-opacity":"","overlay-gradient":""}}},"product_brand":[],"product_cat":[67],"product_tag":[],"class_list":{"0":"post-1610","1":"product","2":"type-product","3":"status-publish","4":"has-post-thumbnail","6":"product_cat-lixadeiras-e-plainas","7":"desktop-align-left","8":"tablet-align-left","9":"mobile-align-left","11":"first","12":"instock","13":"shipping-taxable","14":"product-type-simple"},"aioseo_notices":[],"_links":{"self":[{"href":"https:\/\/prolight.com.br\/es\/wp-json\/wp\/v2\/product\/1610","targetHints":{"allow":["GET"]}}],"collection":[{"href":"https:\/\/prolight.com.br\/es\/wp-json\/wp\/v2\/product"}],"about":[{"href":"https:\/\/prolight.com.br\/es\/wp-json\/wp\/v2\/types\/product"}],"wp:featuredmedia":[{"embeddable":true,"href":"https:\/\/prolight.com.br\/es\/wp-json\/wp\/v2\/media\/1040"}],"wp:attachment":[{"href":"https:\/\/prolight.com.br\/es\/wp-json\/wp\/v2\/media?parent=1610"}],"wp:term":[{"taxonomy":"product_brand","embeddable":true,"href":"https:\/\/prolight.com.br\/es\/wp-json\/wp\/v2\/product_brand?post=1610"},{"taxonomy":"product_cat","embeddable":true,"href":"https:\/\/prolight.com.br\/es\/wp-json\/wp\/v2\/product_cat?post=1610"},{"taxonomy":"product_tag","embeddable":true,"href":"https:\/\/prolight.com.br\/es\/wp-json\/wp\/v2\/product_tag?post=1610"}],"curies":[{"name":"wp","href":"https:\/\/api.w.org\/{rel}","templated":true}]}}