{"id":1618,"date":"2025-03-29T14:48:41","date_gmt":"2025-03-29T14:48:41","guid":{"rendered":"https:\/\/prolight.com.br\/es\/?post_type=product&#038;p=1618"},"modified":"2025-03-29T14:48:42","modified_gmt":"2025-03-29T14:48:42","slug":"lavadora-de-alta-pressao-ate-3-600-libras","status":"publish","type":"product","link":"https:\/\/prolight.com.br\/es\/produto\/lavadora-de-alta-pressao-ate-3-600-libras\/","title":{"rendered":"Lavadora de alta press\u00e3o at\u00e9 3.600 libras"},"content":{"rendered":"<p><span data-sheets-value=\"{&quot;1&quot;:2,&quot;2&quot;:&quot;Lavadora profissional de alto rendimento, resist\u00eancia e durabilidade. Dimensionada para uso continuo e di\u00e1rio. Chassi em a\u00e7o e pist\u00f5es de cer\u00e2mica. Extremamente robusta e resistente.\\n\\nIdeal para postos de gasolina, m\u00e9dios e grandes lava-r\u00e1pidos, ind\u00fastrias, construtoras, transportadoras, empresas de \u00f4nibus e turismo, com\u00e9rcios, condom\u00ednios, limpadoras agropecu\u00e1rias, entre outros.\\n\\nModelo: HD 10\/25\\nTens\u00e3o Trif\u00e1sico (V): 220 | 380 | 440\\nPot\u00eancia (W): 10.000\\nTemperatura m\u00e1xima de entrada (\u00b0C): 60\\nPress\u00e3o (bar): 250\\nVaz\u00e3o (L\/h): 1.000\\nPeso (kg): 95\\nDimens\u00f5es (mm) (CxLxA): 930 \u00d7 760 \u00d7 930&quot;}\" data-sheets-userformat=\"{&quot;2&quot;:11201,&quot;3&quot;:{&quot;1&quot;:0},&quot;9&quot;:0,&quot;10&quot;:1,&quot;11&quot;:4,&quot;12&quot;:0,&quot;14&quot;:{&quot;1&quot;:3,&quot;3&quot;:1},&quot;16&quot;:9}\">Lavadora profissional de alto rendimento, resist\u00eancia e durabilidade. Dimensionada para uso continuo e di\u00e1rio. Chassi em a\u00e7o e pist\u00f5es de cer\u00e2mica. Extremamente robusta e resistente.<\/p>\n<p>Ideal para postos de gasolina, m\u00e9dios e grandes lava-r\u00e1pidos, ind\u00fastrias, construtoras, transportadoras, empresas de \u00f4nibus e turismo, com\u00e9rcios, condom\u00ednios, limpadoras agropecu\u00e1rias, entre outros.<\/p>\n<p>Modelo: HD 10\/25<br \/>\nTens\u00e3o Trif\u00e1sico (V): 220 | 380 | 440<br \/>\nPot\u00eancia (W): 10.000<br \/>\nTemperatura m\u00e1xima de entrada (\u00b0C): 60<br \/>\nPress\u00e3o (bar): 250<br \/>\nVaz\u00e3o (L\/h): 1.000<br \/>\nPeso (kg): 95<br \/>\nDimens\u00f5es (mm) (CxLxA): 930 \u00d7 760 \u00d7 930<\/span><\/p>\n","protected":false},"excerpt":{"rendered":"<p>Lavadora profissional de alto rendimento, resist\u00eancia e durabilidade. Dimensionada para uso continuo e di\u00e1rio. Chassi em a\u00e7o e pist\u00f5es de [&hellip;]<\/p>\n","protected":false},"featured_media":1047,"template":"","meta":{"site-sidebar-layout":"","site-content-layout":"","ast-site-content-layout":"","site-content-style":"","site-sidebar-style":"","ast-global-header-display":"","ast-banner-title-visibility":"","ast-main-header-display":"","ast-hfb-above-header-display":"","ast-hfb-below-header-display":"","ast-hfb-mobile-header-display":"","site-post-title":"","ast-breadcrumbs-content":"","ast-featured-img":"","footer-sml-layout":"","ast-disable-related-posts":"","theme-transparent-header-meta":"","adv-header-id-meta":"","stick-header-meta":"","header-above-stick-meta":"","header-main-stick-meta":"","header-below-stick-meta":"","astra-migrate-meta-layouts":"","ast-page-background-enabled":"default","ast-page-background-meta":{"desktop":{"background-color":"var(--ast-global-color-5)","background-image":"","background-repeat":"repeat","background-position":"center center","background-size":"auto","background-attachment":"scroll","background-type":"","background-media":"","overlay-type":"","overlay-color":"","overlay-opacity":"","overlay-gradient":""},"tablet":{"background-color":"","background-image":"","background-repeat":"repeat","background-position":"center center","background-size":"auto","background-attachment":"scroll","background-type":"","background-media":"","overlay-type":"","overlay-color":"","overlay-opacity":"","overlay-gradient":""},"mobile":{"background-color":"","background-image":"","background-repeat":"repeat","background-position":"center center","background-size":"auto","background-attachment":"scroll","background-type":"","background-media":"","overlay-type":"","overlay-color":"","overlay-opacity":"","overlay-gradient":""}},"ast-content-background-meta":{"desktop":{"background-color":"var(--ast-global-color-4)","background-image":"","background-repeat":"repeat","background-position":"center center","background-size":"auto","background-attachment":"scroll","background-type":"","background-media":"","overlay-type":"","overlay-color":"","overlay-opacity":"","overlay-gradient":""},"tablet":{"background-color":"var(--ast-global-color-4)","background-image":"","background-repeat":"repeat","background-position":"center center","background-size":"auto","background-attachment":"scroll","background-type":"","background-media":"","overlay-type":"","overlay-color":"","overlay-opacity":"","overlay-gradient":""},"mobile":{"background-color":"var(--ast-global-color-4)","background-image":"","background-repeat":"repeat","background-position":"center center","background-size":"auto","background-attachment":"scroll","background-type":"","background-media":"","overlay-type":"","overlay-color":"","overlay-opacity":"","overlay-gradient":""}}},"product_brand":[],"product_cat":[65],"product_tag":[],"class_list":{"0":"post-1618","1":"product","2":"type-product","3":"status-publish","4":"has-post-thumbnail","6":"product_cat-limpeza","7":"desktop-align-left","8":"tablet-align-left","9":"mobile-align-left","11":"first","12":"instock","13":"shipping-taxable","14":"product-type-simple"},"aioseo_notices":[],"_links":{"self":[{"href":"https:\/\/prolight.com.br\/es\/wp-json\/wp\/v2\/product\/1618","targetHints":{"allow":["GET"]}}],"collection":[{"href":"https:\/\/prolight.com.br\/es\/wp-json\/wp\/v2\/product"}],"about":[{"href":"https:\/\/prolight.com.br\/es\/wp-json\/wp\/v2\/types\/product"}],"wp:featuredmedia":[{"embeddable":true,"href":"https:\/\/prolight.com.br\/es\/wp-json\/wp\/v2\/media\/1047"}],"wp:attachment":[{"href":"https:\/\/prolight.com.br\/es\/wp-json\/wp\/v2\/media?parent=1618"}],"wp:term":[{"taxonomy":"product_brand","embeddable":true,"href":"https:\/\/prolight.com.br\/es\/wp-json\/wp\/v2\/product_brand?post=1618"},{"taxonomy":"product_cat","embeddable":true,"href":"https:\/\/prolight.com.br\/es\/wp-json\/wp\/v2\/product_cat?post=1618"},{"taxonomy":"product_tag","embeddable":true,"href":"https:\/\/prolight.com.br\/es\/wp-json\/wp\/v2\/product_tag?post=1618"}],"curies":[{"name":"wp","href":"https:\/\/api.w.org\/{rel}","templated":true}]}}