{"id":1620,"date":"2025-03-29T14:48:41","date_gmt":"2025-03-29T14:48:41","guid":{"rendered":"https:\/\/prolight.com.br\/es\/?post_type=product&#038;p=1620"},"modified":"2025-03-29T14:48:42","modified_gmt":"2025-03-29T14:48:42","slug":"alisadora-de-piso-36","status":"publish","type":"product","link":"https:\/\/prolight.com.br\/es\/produto\/alisadora-de-piso-36\/","title":{"rendered":"Alisadora de piso 36&#8243;"},"content":{"rendered":"<p><span data-sheets-value=\"{&quot;1&quot;:2,&quot;2&quot;:&quot;Por ser um equipamento mais robusto e extra-forte, a Acabadora de Superf\u00edcie permite o acabamento perfeito em pisos de concreto, e conta com as seguintes caracter\u00edsticas:\\n\\nEquipamento para constru\u00e7\u00e3o civil movido \u00e0 gasolina;\\nPermite controle vari\u00e1vel de velocidade;\\nPermite o ajuste das l\u00e2minas conforme as diferentes necessidades de acabamento;\\nOferece total seguran\u00e7a ao operador. \\n\\nFicha t\u00e9cnica 36&quot; : Pot\u00eancia do Motor \/ Refrigera\u00e7\u00e3o: 13hp \/ AR\\nCombust\u00edvel: Gasolina Comum\\nDimens\u00f5es \u2013 C x L x A \u2013 mm 1940 x 940 x 980 mm\\nDi\u00e2metro 915 mm\\nQuantidade de l\u00e2minas 4\\nInclina\u00e7\u00e3o das l\u00e2minas 0\u00b0 \u2013 15\u00b0\\nUso de Disco de Flota\u00e7\u00e3o Sim\\nCapacidade do Tanque de Combust\u00edvel 6 Litros\\nConsumo m\u00e9dio de Combust\u00edvel 2,5 l\/h\\n\u00d3leo do Motor \/ Capacidade SAE 10W-30 \/ 1000 ml\\nCapacidade de \u00f3leo do redutor 1200 ml\\nPeso 101 kg &quot;}\" data-sheets-userformat=\"{&quot;2&quot;:11203,&quot;3&quot;:{&quot;1&quot;:0},&quot;4&quot;:{&quot;1&quot;:2,&quot;2&quot;:16711680},&quot;9&quot;:0,&quot;10&quot;:1,&quot;11&quot;:4,&quot;12&quot;:0,&quot;14&quot;:{&quot;1&quot;:3,&quot;3&quot;:1},&quot;16&quot;:9}\">Por ser um equipamento mais robusto e extra-forte, a Acabadora de Superf\u00edcie permite o acabamento perfeito em pisos de concreto, e conta com as seguintes caracter\u00edsticas:<\/span><\/p>\n<p>Equipamento para constru\u00e7\u00e3o civil movido \u00e0 gasolina;<br \/>\nPermite controle vari\u00e1vel de velocidade;<br \/>\nPermite o ajuste das l\u00e2minas conforme as diferentes necessidades de acabamento;<br \/>\nOferece total seguran\u00e7a ao operador.<\/p>\n<p>Ficha t\u00e9cnica 36&#8243; : Pot\u00eancia do Motor \/ Refrigera\u00e7\u00e3o: 13hp \/ AR<br \/>\nCombust\u00edvel: Gasolina Comum<br \/>\nDimens\u00f5es \u2013 C x L x A \u2013 mm 1940 x 940 x 980 mm<br \/>\nDi\u00e2metro 915 mm<br \/>\nQuantidade de l\u00e2minas 4<br \/>\nInclina\u00e7\u00e3o das l\u00e2minas 0\u00b0 \u2013 15\u00b0<br \/>\nUso de Disco de Flota\u00e7\u00e3o Sim<br \/>\nCapacidade do Tanque de Combust\u00edvel 6 Litros<br \/>\nConsumo m\u00e9dio de Combust\u00edvel 2,5 l\/h<br \/>\n\u00d3leo do Motor \/ Capacidade SAE 10W-30 \/ 1000 ml<br \/>\nCapacidade de \u00f3leo do redutor 1200 ml<br \/>\nPeso 101 kg<\/p>\n","protected":false},"excerpt":{"rendered":"<p>Por ser um equipamento mais robusto e extra-forte, a Acabadora de Superf\u00edcie permite o acabamento perfeito em pisos de concreto, [&hellip;]<\/p>\n","protected":false},"featured_media":1049,"template":"","meta":{"site-sidebar-layout":"","site-content-layout":"","ast-site-content-layout":"","site-content-style":"","site-sidebar-style":"","ast-global-header-display":"","ast-banner-title-visibility":"","ast-main-header-display":"","ast-hfb-above-header-display":"","ast-hfb-below-header-display":"","ast-hfb-mobile-header-display":"","site-post-title":"","ast-breadcrumbs-content":"","ast-featured-img":"","footer-sml-layout":"","ast-disable-related-posts":"","theme-transparent-header-meta":"","adv-header-id-meta":"","stick-header-meta":"","header-above-stick-meta":"","header-main-stick-meta":"","header-below-stick-meta":"","astra-migrate-meta-layouts":"","ast-page-background-enabled":"default","ast-page-background-meta":{"desktop":{"background-color":"var(--ast-global-color-5)","background-image":"","background-repeat":"repeat","background-position":"center center","background-size":"auto","background-attachment":"scroll","background-type":"","background-media":"","overlay-type":"","overlay-color":"","overlay-opacity":"","overlay-gradient":""},"tablet":{"background-color":"","background-image":"","background-repeat":"repeat","background-position":"center center","background-size":"auto","background-attachment":"scroll","background-type":"","background-media":"","overlay-type":"","overlay-color":"","overlay-opacity":"","overlay-gradient":""},"mobile":{"background-color":"","background-image":"","background-repeat":"repeat","background-position":"center center","background-size":"auto","background-attachment":"scroll","background-type":"","background-media":"","overlay-type":"","overlay-color":"","overlay-opacity":"","overlay-gradient":""}},"ast-content-background-meta":{"desktop":{"background-color":"var(--ast-global-color-4)","background-image":"","background-repeat":"repeat","background-position":"center center","background-size":"auto","background-attachment":"scroll","background-type":"","background-media":"","overlay-type":"","overlay-color":"","overlay-opacity":"","overlay-gradient":""},"tablet":{"background-color":"var(--ast-global-color-4)","background-image":"","background-repeat":"repeat","background-position":"center center","background-size":"auto","background-attachment":"scroll","background-type":"","background-media":"","overlay-type":"","overlay-color":"","overlay-opacity":"","overlay-gradient":""},"mobile":{"background-color":"var(--ast-global-color-4)","background-image":"","background-repeat":"repeat","background-position":"center center","background-size":"auto","background-attachment":"scroll","background-type":"","background-media":"","overlay-type":"","overlay-color":"","overlay-opacity":"","overlay-gradient":""}}},"product_brand":[],"product_cat":[61],"product_tag":[],"class_list":{"0":"post-1620","1":"product","2":"type-product","3":"status-publish","4":"has-post-thumbnail","6":"product_cat-concretagem","7":"desktop-align-left","8":"tablet-align-left","9":"mobile-align-left","11":"first","12":"instock","13":"shipping-taxable","14":"product-type-simple"},"aioseo_notices":[],"_links":{"self":[{"href":"https:\/\/prolight.com.br\/es\/wp-json\/wp\/v2\/product\/1620","targetHints":{"allow":["GET"]}}],"collection":[{"href":"https:\/\/prolight.com.br\/es\/wp-json\/wp\/v2\/product"}],"about":[{"href":"https:\/\/prolight.com.br\/es\/wp-json\/wp\/v2\/types\/product"}],"wp:featuredmedia":[{"embeddable":true,"href":"https:\/\/prolight.com.br\/es\/wp-json\/wp\/v2\/media\/1049"}],"wp:attachment":[{"href":"https:\/\/prolight.com.br\/es\/wp-json\/wp\/v2\/media?parent=1620"}],"wp:term":[{"taxonomy":"product_brand","embeddable":true,"href":"https:\/\/prolight.com.br\/es\/wp-json\/wp\/v2\/product_brand?post=1620"},{"taxonomy":"product_cat","embeddable":true,"href":"https:\/\/prolight.com.br\/es\/wp-json\/wp\/v2\/product_cat?post=1620"},{"taxonomy":"product_tag","embeddable":true,"href":"https:\/\/prolight.com.br\/es\/wp-json\/wp\/v2\/product_tag?post=1620"}],"curies":[{"name":"wp","href":"https:\/\/api.w.org\/{rel}","templated":true}]}}