{"id":1621,"date":"2025-03-29T14:48:42","date_gmt":"2025-03-29T14:48:42","guid":{"rendered":"https:\/\/prolight.com.br\/es\/?post_type=product&#038;p=1621"},"modified":"2025-08-25T19:02:34","modified_gmt":"2025-08-25T19:02:34","slug":"compactador-de-soloeletrico","status":"publish","type":"product","link":"https:\/\/prolight.com.br\/es\/produto\/compactador-de-soloeletrico\/","title":{"rendered":"Compactador de Solo(El\u00e9trico)"},"content":{"rendered":"","protected":false},"excerpt":{"rendered":"<p>O Compactador de Solo \u00e9 um equipamentos utilizado na constru\u00e7\u00e3o civil, para o adensamento de terra, areia, brita e etc. Indicados para a execu\u00e7\u00e3o de prepara\u00e7\u00e3o de bases, funda\u00e7\u00f5es, meios fios de cal\u00e7adas, entre outros.<\/p>\n<p>Esta compacta\u00e7\u00e3o de solo \u00e9 essencial para a constru\u00e7\u00e3o da obra, como barrac\u00e3o, edif\u00edcios, rodovia, ou preparando a sub-base para o piso de concreto. Dados adicionais:<br \/>\nModelo SP 55 El\u00e9trico<br \/>\nMotor El\u00e9trico Monof\u00e1sico 3 Cv<br \/>\nTransmiss\u00e3o Embreagem centr\u00edfuga e engrenagens<br \/>\nDimens\u00f5es da sapata C X L 270 x 350 mm<br \/>\nPeso seco 81 Kg<br \/>\nDimens\u00f5es C X L X A 680 x 340 x 1020 mm<br \/>\nGolpes por minuto at\u00e9 620<br \/>\nFor\u00e7a do golpe 14,8 KN (1510 Kgf)<br \/>\nVelocidade de avan\u00e7o 13 a 16 m\/min<br \/>\nCurso 65 mm<br \/>\nProfundidade de compacta\u00e7\u00e3o Solos granulares (areia, brita, bases) at\u00e9 600 mm<br \/>\nProfundidade de compacta\u00e7\u00e3o solos coesivos argilosos at\u00e9 500 mm.<\/p>\n","protected":false},"featured_media":1050,"template":"","meta":{"site-sidebar-layout":"default","site-content-layout":"","ast-site-content-layout":"default","site-content-style":"default","site-sidebar-style":"default","ast-global-header-display":"","ast-banner-title-visibility":"","ast-main-header-display":"","ast-hfb-above-header-display":"","ast-hfb-below-header-display":"","ast-hfb-mobile-header-display":"","site-post-title":"","ast-breadcrumbs-content":"","ast-featured-img":"","footer-sml-layout":"","ast-disable-related-posts":"","theme-transparent-header-meta":"default","adv-header-id-meta":"","stick-header-meta":"","header-above-stick-meta":"","header-main-stick-meta":"","header-below-stick-meta":"","astra-migrate-meta-layouts":"set","ast-page-background-enabled":"default","ast-page-background-meta":{"desktop":{"background-color":"var(--ast-global-color-5)","background-image":"","background-repeat":"repeat","background-position":"center center","background-size":"auto","background-attachment":"scroll","background-type":"","background-media":"","overlay-type":"","overlay-color":"","overlay-opacity":"","overlay-gradient":""},"tablet":{"background-color":"","background-image":"","background-repeat":"repeat","background-position":"center center","background-size":"auto","background-attachment":"scroll","background-type":"","background-media":"","overlay-type":"","overlay-color":"","overlay-opacity":"","overlay-gradient":""},"mobile":{"background-color":"","background-image":"","background-repeat":"repeat","background-position":"center center","background-size":"auto","background-attachment":"scroll","background-type":"","background-media":"","overlay-type":"","overlay-color":"","overlay-opacity":"","overlay-gradient":""}},"ast-content-background-meta":{"desktop":{"background-color":"var(--ast-global-color-4)","background-image":"","background-repeat":"repeat","background-position":"center center","background-size":"auto","background-attachment":"scroll","background-type":"","background-media":"","overlay-type":"","overlay-color":"","overlay-opacity":"","overlay-gradient":""},"tablet":{"background-color":"var(--ast-global-color-4)","background-image":"","background-repeat":"repeat","background-position":"center center","background-size":"auto","background-attachment":"scroll","background-type":"","background-media":"","overlay-type":"","overlay-color":"","overlay-opacity":"","overlay-gradient":""},"mobile":{"background-color":"var(--ast-global-color-4)","background-image":"","background-repeat":"repeat","background-position":"center center","background-size":"auto","background-attachment":"scroll","background-type":"","background-media":"","overlay-type":"","overlay-color":"","overlay-opacity":"","overlay-gradient":""}}},"product_brand":[],"product_cat":[56],"product_tag":[],"class_list":{"0":"post-1621","1":"product","2":"type-product","3":"status-publish","4":"has-post-thumbnail","6":"product_cat-compactacao-de-solo","7":"desktop-align-left","8":"tablet-align-left","9":"mobile-align-left","11":"first","12":"instock","13":"shipping-taxable","14":"product-type-simple"},"aioseo_notices":[],"_links":{"self":[{"href":"https:\/\/prolight.com.br\/es\/wp-json\/wp\/v2\/product\/1621","targetHints":{"allow":["GET"]}}],"collection":[{"href":"https:\/\/prolight.com.br\/es\/wp-json\/wp\/v2\/product"}],"about":[{"href":"https:\/\/prolight.com.br\/es\/wp-json\/wp\/v2\/types\/product"}],"wp:featuredmedia":[{"embeddable":true,"href":"https:\/\/prolight.com.br\/es\/wp-json\/wp\/v2\/media\/1050"}],"wp:attachment":[{"href":"https:\/\/prolight.com.br\/es\/wp-json\/wp\/v2\/media?parent=1621"}],"wp:term":[{"taxonomy":"product_brand","embeddable":true,"href":"https:\/\/prolight.com.br\/es\/wp-json\/wp\/v2\/product_brand?post=1621"},{"taxonomy":"product_cat","embeddable":true,"href":"https:\/\/prolight.com.br\/es\/wp-json\/wp\/v2\/product_cat?post=1621"},{"taxonomy":"product_tag","embeddable":true,"href":"https:\/\/prolight.com.br\/es\/wp-json\/wp\/v2\/product_tag?post=1621"}],"curies":[{"name":"wp","href":"https:\/\/api.w.org\/{rel}","templated":true}]}}